{"id":811,"date":"2026-05-03T19:37:57","date_gmt":"2026-05-03T19:37:57","guid":{"rendered":"https:\/\/k2kgame.com\/?post_type=product&#038;p=811"},"modified":"2026-05-03T19:37:57","modified_gmt":"2026-05-03T19:37:57","slug":"serverul-fivem-vrp-v3","status":"publish","type":"product","link":"https:\/\/k2kgame.com\/index.php\/produs\/serverul-fivem-vrp-v3\/","title":{"rendered":"Serverul FiveM VRP V3"},"content":{"rendered":"<p data-start=\"355\" data-end=\"565\">Descoper\u0103 un server <strong data-start=\"375\" data-end=\"410\">FiveM Roleplay complet preg\u0103tit<\/strong>, ideal pentru lansare rapid\u0103 f\u0103r\u0103 b\u0103t\u0103i de cap. Acest pachet ofer\u0103 o baz\u0103 solid\u0103, stabil\u0103 \u0219i optimizat\u0103, perfect\u0103 pentru a-\u021bi construi propria comunitate.<\/p>\n<p data-start=\"567\" data-end=\"715\">Serverul este configurat atent pentru a oferi o experien\u021b\u0103 fluid\u0103, cu sisteme func\u021bionale \u0219i performan\u021b\u0103 bun\u0103 chiar \u0219i pe servere cu mul\u021bi juc\u0103tori.<\/p>\n<hr data-start=\"717\" data-end=\"720\" \/>\n<h3 data-section-id=\"138jgo9\" data-start=\"722\" data-end=\"749\">\ud83d\udc8e Ce include serverul:<\/h3>\n<p data-start=\"750\" data-end=\"1045\">\u2714\ufe0f Sisteme RP esen\u021biale complet func\u021bionale<br data-start=\"793\" data-end=\"796\" \/>\u2714\ufe0f Joburi diverse (legale \u0219i ilegale)<br data-start=\"833\" data-end=\"836\" \/>\u2714\ufe0f Interfe\u021be (UI) bine organizate<br data-start=\"869\" data-end=\"872\" \/>\u2714\ufe0f Scripturi optimizate pentru performan\u021b\u0103<br data-start=\"914\" data-end=\"917\" \/>\u2714\ufe0f Buguri rezolvate \u0219i stabilitate ridicat\u0103<br data-start=\"960\" data-end=\"963\" \/>\u2714\ufe0f Structur\u0103 gata de editare \u0219i dezvoltare<br data-start=\"1005\" data-end=\"1008\" \/>\u2714\ufe0f Mapping-uri integrate (dup\u0103 caz)<\/p>\n<hr data-start=\"1047\" data-end=\"1050\" \/>\n<h3 data-section-id=\"4vllvk\" data-start=\"1052\" data-end=\"1084\">\u2699\ufe0f Performan\u021b\u0103 &amp; Optimizare:<\/h3>\n<p data-start=\"1085\" data-end=\"1254\">Serverul este <strong data-start=\"1099\" data-end=\"1133\">optimizat pentru a rula smooth<\/strong>, f\u0103r\u0103 lag \u0219i f\u0103r\u0103 erori majore. Toate problemele comune au fost rezolvate, astfel \u00eenc\u00e2t s\u0103 po\u021bi porni direct f\u0103r\u0103 stres.<\/p>\n<hr data-start=\"1256\" data-end=\"1259\" \/>\n<h3 data-section-id=\"1xabmx\" data-start=\"1261\" data-end=\"1289\">\u2757 Informa\u021bie important\u0103:<\/h3>\n<p data-start=\"1290\" data-end=\"1430\">Acest server <strong data-start=\"1303\" data-end=\"1321\">NU este custom<\/strong>, \u00eens\u0103 este <strong data-start=\"1333\" data-end=\"1365\">reparat \u0219i optimizat complet<\/strong>, oferind o baz\u0103 stabil\u0103 \u0219i eficient\u0103 pentru orice proiect FiveM.<\/p>\n<p>\ud83d\udcfd\ufe0f <strong data-start=\"1113\" data-end=\"1139\">Video-ul de prezentare :<\/strong> <a class=\"decorated-link cursor-pointer\" href=\"https:\/\/www.youtube.com\/watch?v=upD0AXp6fwM&amp;t=1s\" rel=\"noopener\" data-start=\"976\" data-end=\"1018\">\ud83d\udc49 LINK_C\u0102TRE_VIDEO<\/a><\/p>\n","protected":false},"excerpt":{"rendered":"<p>Descoper\u0103 un server FiveM Roleplay complet preg\u0103tit, ideal pentru lansare rapid\u0103 f\u0103r\u0103 b\u0103t\u0103i de cap. Acest pachet ofer\u0103 o baz\u0103 solid\u0103, stabil\u0103 \u0219i optimizat\u0103, perfect\u0103 pentru a-\u021bi construi propria comunitate. Serverul este configurat atent pentru a oferi o experien\u021b\u0103 fluid\u0103, cu sisteme func\u021bionale \u0219i performan\u021b\u0103 bun\u0103 chiar \u0219i pe servere cu mul\u021bi juc\u0103tori. \ud83d\udc8e Ce [&hellip;]<\/p>\n","protected":false},"featured_media":812,"comment_status":"open","ping_status":"closed","template":"","meta":[],"product_brand":[],"product_cat":[99],"product_tag":[],"class_list":{"0":"post-811","1":"product","2":"type-product","3":"status-publish","4":"has-post-thumbnail","6":"product_cat-five-mp-server","8":"first","9":"instock","10":"sale","11":"shipping-taxable","12":"purchasable","13":"product-type-simple"},"yoast_head":"<!-- This site is optimized with the Yoast SEO plugin v25.5 - https:\/\/yoast.com\/wordpress\/plugins\/seo\/ -->\n<title>Serverul FiveM VRP V3 - K2KGAME<\/title>\n<meta name=\"robots\" content=\"index, follow, max-snippet:-1, max-image-preview:large, max-video-preview:-1\" \/>\n<link rel=\"canonical\" href=\"https:\/\/k2kgame.com\/index.php\/produs\/serverul-fivem-vrp-v3\/\" \/>\n<meta property=\"og:locale\" content=\"ro_RO\" \/>\n<meta property=\"og:type\" content=\"article\" \/>\n<meta property=\"og:title\" content=\"Serverul FiveM VRP V3 - K2KGAME\" \/>\n<meta property=\"og:description\" content=\"Descoper\u0103 un server FiveM Roleplay complet preg\u0103tit, ideal pentru lansare rapid\u0103 f\u0103r\u0103 b\u0103t\u0103i de cap. Acest pachet ofer\u0103 o baz\u0103 solid\u0103, stabil\u0103 \u0219i optimizat\u0103, perfect\u0103 pentru a-\u021bi construi propria comunitate. Serverul este configurat atent pentru a oferi o experien\u021b\u0103 fluid\u0103, cu sisteme func\u021bionale \u0219i performan\u021b\u0103 bun\u0103 chiar \u0219i pe servere cu mul\u021bi juc\u0103tori. \ud83d\udc8e Ce [&hellip;]\" \/>\n<meta property=\"og:url\" content=\"https:\/\/k2kgame.com\/index.php\/produs\/serverul-fivem-vrp-v3\/\" \/>\n<meta property=\"og:site_name\" content=\"K2KGAME\" \/>\n<meta property=\"og:image\" content=\"https:\/\/k2kgame.com\/wp-content\/uploads\/2026\/05\/FIVEM-23.jpg\" \/>\n\t<meta property=\"og:image:width\" content=\"1280\" \/>\n\t<meta property=\"og:image:height\" content=\"720\" \/>\n\t<meta property=\"og:image:type\" content=\"image\/jpeg\" \/>\n<meta name=\"twitter:card\" content=\"summary_large_image\" \/>\n<meta name=\"twitter:label1\" content=\"Timp estimat pentru citire\" \/>\n\t<meta name=\"twitter:data1\" content=\"2 minute\" \/>\n<script type=\"application\/ld+json\" class=\"yoast-schema-graph\">{\"@context\":\"https:\/\/schema.org\",\"@graph\":[{\"@type\":\"WebPage\",\"@id\":\"https:\/\/k2kgame.com\/index.php\/produs\/serverul-fivem-vrp-v3\/\",\"url\":\"https:\/\/k2kgame.com\/index.php\/produs\/serverul-fivem-vrp-v3\/\",\"name\":\"Serverul FiveM VRP V3 - K2KGAME\",\"isPartOf\":{\"@id\":\"https:\/\/k2kgame.com\/#website\"},\"primaryImageOfPage\":{\"@id\":\"https:\/\/k2kgame.com\/index.php\/produs\/serverul-fivem-vrp-v3\/#primaryimage\"},\"image\":{\"@id\":\"https:\/\/k2kgame.com\/index.php\/produs\/serverul-fivem-vrp-v3\/#primaryimage\"},\"thumbnailUrl\":\"https:\/\/k2kgame.com\/wp-content\/uploads\/2026\/05\/FIVEM-23.jpg\",\"datePublished\":\"2026-05-03T19:37:57+00:00\",\"breadcrumb\":{\"@id\":\"https:\/\/k2kgame.com\/index.php\/produs\/serverul-fivem-vrp-v3\/#breadcrumb\"},\"inLanguage\":\"ro-RO\",\"potentialAction\":[{\"@type\":\"ReadAction\",\"target\":[\"https:\/\/k2kgame.com\/index.php\/produs\/serverul-fivem-vrp-v3\/\"]}]},{\"@type\":\"ImageObject\",\"inLanguage\":\"ro-RO\",\"@id\":\"https:\/\/k2kgame.com\/index.php\/produs\/serverul-fivem-vrp-v3\/#primaryimage\",\"url\":\"https:\/\/k2kgame.com\/wp-content\/uploads\/2026\/05\/FIVEM-23.jpg\",\"contentUrl\":\"https:\/\/k2kgame.com\/wp-content\/uploads\/2026\/05\/FIVEM-23.jpg\",\"width\":1280,\"height\":720},{\"@type\":\"BreadcrumbList\",\"@id\":\"https:\/\/k2kgame.com\/index.php\/produs\/serverul-fivem-vrp-v3\/#breadcrumb\",\"itemListElement\":[{\"@type\":\"ListItem\",\"position\":1,\"name\":\"Prima pagin\u0103\",\"item\":\"https:\/\/k2kgame.com\/\"},{\"@type\":\"ListItem\",\"position\":2,\"name\":\"Magazin\",\"item\":\"https:\/\/k2kgame.com\/\"},{\"@type\":\"ListItem\",\"position\":3,\"name\":\"Serverul FiveM VRP V3\"}]},{\"@type\":\"WebSite\",\"@id\":\"https:\/\/k2kgame.com\/#website\",\"url\":\"https:\/\/k2kgame.com\/\",\"name\":\"K2KGAME\",\"description\":\"SERVERE SI JOCURI IEFTINE\",\"publisher\":{\"@id\":\"https:\/\/k2kgame.com\/#organization\"},\"potentialAction\":[{\"@type\":\"SearchAction\",\"target\":{\"@type\":\"EntryPoint\",\"urlTemplate\":\"https:\/\/k2kgame.com\/?s={search_term_string}\"},\"query-input\":{\"@type\":\"PropertyValueSpecification\",\"valueRequired\":true,\"valueName\":\"search_term_string\"}}],\"inLanguage\":\"ro-RO\"},{\"@type\":\"Organization\",\"@id\":\"https:\/\/k2kgame.com\/#organization\",\"name\":\"K2KGAME\",\"url\":\"https:\/\/k2kgame.com\/\",\"logo\":{\"@type\":\"ImageObject\",\"inLanguage\":\"ro-RO\",\"@id\":\"https:\/\/k2kgame.com\/#\/schema\/logo\/image\/\",\"url\":\"https:\/\/k2kgame.com\/wp-content\/uploads\/2025\/05\/FiveM-Symbol-scaled.png\",\"contentUrl\":\"https:\/\/k2kgame.com\/wp-content\/uploads\/2025\/05\/FiveM-Symbol-scaled.png\",\"width\":2560,\"height\":1440,\"caption\":\"K2KGAME\"},\"image\":{\"@id\":\"https:\/\/k2kgame.com\/#\/schema\/logo\/image\/\"}}]}<\/script>\n<!-- \/ Yoast SEO plugin. -->","yoast_head_json":{"title":"Serverul FiveM VRP V3 - K2KGAME","robots":{"index":"index","follow":"follow","max-snippet":"max-snippet:-1","max-image-preview":"max-image-preview:large","max-video-preview":"max-video-preview:-1"},"canonical":"https:\/\/k2kgame.com\/index.php\/produs\/serverul-fivem-vrp-v3\/","og_locale":"ro_RO","og_type":"article","og_title":"Serverul FiveM VRP V3 - K2KGAME","og_description":"Descoper\u0103 un server FiveM Roleplay complet preg\u0103tit, ideal pentru lansare rapid\u0103 f\u0103r\u0103 b\u0103t\u0103i de cap. Acest pachet ofer\u0103 o baz\u0103 solid\u0103, stabil\u0103 \u0219i optimizat\u0103, perfect\u0103 pentru a-\u021bi construi propria comunitate. Serverul este configurat atent pentru a oferi o experien\u021b\u0103 fluid\u0103, cu sisteme func\u021bionale \u0219i performan\u021b\u0103 bun\u0103 chiar \u0219i pe servere cu mul\u021bi juc\u0103tori. \ud83d\udc8e Ce [&hellip;]","og_url":"https:\/\/k2kgame.com\/index.php\/produs\/serverul-fivem-vrp-v3\/","og_site_name":"K2KGAME","og_image":[{"width":1280,"height":720,"url":"https:\/\/k2kgame.com\/wp-content\/uploads\/2026\/05\/FIVEM-23.jpg","type":"image\/jpeg"}],"twitter_card":"summary_large_image","twitter_misc":{"Timp estimat pentru citire":"2 minute"},"schema":{"@context":"https:\/\/schema.org","@graph":[{"@type":"WebPage","@id":"https:\/\/k2kgame.com\/index.php\/produs\/serverul-fivem-vrp-v3\/","url":"https:\/\/k2kgame.com\/index.php\/produs\/serverul-fivem-vrp-v3\/","name":"Serverul FiveM VRP V3 - K2KGAME","isPartOf":{"@id":"https:\/\/k2kgame.com\/#website"},"primaryImageOfPage":{"@id":"https:\/\/k2kgame.com\/index.php\/produs\/serverul-fivem-vrp-v3\/#primaryimage"},"image":{"@id":"https:\/\/k2kgame.com\/index.php\/produs\/serverul-fivem-vrp-v3\/#primaryimage"},"thumbnailUrl":"https:\/\/k2kgame.com\/wp-content\/uploads\/2026\/05\/FIVEM-23.jpg","datePublished":"2026-05-03T19:37:57+00:00","breadcrumb":{"@id":"https:\/\/k2kgame.com\/index.php\/produs\/serverul-fivem-vrp-v3\/#breadcrumb"},"inLanguage":"ro-RO","potentialAction":[{"@type":"ReadAction","target":["https:\/\/k2kgame.com\/index.php\/produs\/serverul-fivem-vrp-v3\/"]}]},{"@type":"ImageObject","inLanguage":"ro-RO","@id":"https:\/\/k2kgame.com\/index.php\/produs\/serverul-fivem-vrp-v3\/#primaryimage","url":"https:\/\/k2kgame.com\/wp-content\/uploads\/2026\/05\/FIVEM-23.jpg","contentUrl":"https:\/\/k2kgame.com\/wp-content\/uploads\/2026\/05\/FIVEM-23.jpg","width":1280,"height":720},{"@type":"BreadcrumbList","@id":"https:\/\/k2kgame.com\/index.php\/produs\/serverul-fivem-vrp-v3\/#breadcrumb","itemListElement":[{"@type":"ListItem","position":1,"name":"Prima pagin\u0103","item":"https:\/\/k2kgame.com\/"},{"@type":"ListItem","position":2,"name":"Magazin","item":"https:\/\/k2kgame.com\/"},{"@type":"ListItem","position":3,"name":"Serverul FiveM VRP V3"}]},{"@type":"WebSite","@id":"https:\/\/k2kgame.com\/#website","url":"https:\/\/k2kgame.com\/","name":"K2KGAME","description":"SERVERE SI JOCURI IEFTINE","publisher":{"@id":"https:\/\/k2kgame.com\/#organization"},"potentialAction":[{"@type":"SearchAction","target":{"@type":"EntryPoint","urlTemplate":"https:\/\/k2kgame.com\/?s={search_term_string}"},"query-input":{"@type":"PropertyValueSpecification","valueRequired":true,"valueName":"search_term_string"}}],"inLanguage":"ro-RO"},{"@type":"Organization","@id":"https:\/\/k2kgame.com\/#organization","name":"K2KGAME","url":"https:\/\/k2kgame.com\/","logo":{"@type":"ImageObject","inLanguage":"ro-RO","@id":"https:\/\/k2kgame.com\/#\/schema\/logo\/image\/","url":"https:\/\/k2kgame.com\/wp-content\/uploads\/2025\/05\/FiveM-Symbol-scaled.png","contentUrl":"https:\/\/k2kgame.com\/wp-content\/uploads\/2025\/05\/FiveM-Symbol-scaled.png","width":2560,"height":1440,"caption":"K2KGAME"},"image":{"@id":"https:\/\/k2kgame.com\/#\/schema\/logo\/image\/"}}]}},"jetpack_sharing_enabled":true,"_links":{"self":[{"href":"https:\/\/k2kgame.com\/index.php\/wp-json\/wp\/v2\/product\/811","targetHints":{"allow":["GET"]}}],"collection":[{"href":"https:\/\/k2kgame.com\/index.php\/wp-json\/wp\/v2\/product"}],"about":[{"href":"https:\/\/k2kgame.com\/index.php\/wp-json\/wp\/v2\/types\/product"}],"replies":[{"embeddable":true,"href":"https:\/\/k2kgame.com\/index.php\/wp-json\/wp\/v2\/comments?post=811"}],"wp:featuredmedia":[{"embeddable":true,"href":"https:\/\/k2kgame.com\/index.php\/wp-json\/wp\/v2\/media\/812"}],"wp:attachment":[{"href":"https:\/\/k2kgame.com\/index.php\/wp-json\/wp\/v2\/media?parent=811"}],"wp:term":[{"taxonomy":"product_brand","embeddable":true,"href":"https:\/\/k2kgame.com\/index.php\/wp-json\/wp\/v2\/product_brand?post=811"},{"taxonomy":"product_cat","embeddable":true,"href":"https:\/\/k2kgame.com\/index.php\/wp-json\/wp\/v2\/product_cat?post=811"},{"taxonomy":"product_tag","embeddable":true,"href":"https:\/\/k2kgame.com\/index.php\/wp-json\/wp\/v2\/product_tag?post=811"}],"curies":[{"name":"wp","href":"https:\/\/api.w.org\/{rel}","templated":true}]}}