{"id":702,"date":"2025-11-09T15:25:38","date_gmt":"2025-11-09T15:25:38","guid":{"rendered":"https:\/\/k2kgame.com\/?post_type=product&#038;p=702"},"modified":"2026-01-04T08:15:49","modified_gmt":"2026-01-04T08:15:49","slug":"car-stereo-sistem-audio-pentru-masini","status":"publish","type":"product","link":"https:\/\/k2kgame.com\/index.php\/produs\/car-stereo-sistem-audio-pentru-masini\/","title":{"rendered":"Car Stereo \u2013 Sistem audio pentru ma\u0219ini"},"content":{"rendered":"<p>Un sistem gratuit care permite juc\u0103torilor s\u0103 asculte muzic\u0103 direct din vehiculele lor. Simplu, realist \u0219i u\u0219or de instalat \u2014 perfect pentru orice server RP sau freeroam.<\/p>\n","protected":false},"excerpt":{"rendered":"<p>Un sistem gratuit care permite juc\u0103torilor s\u0103 asculte muzic\u0103 direct din vehiculele lor. Simplu, realist \u0219i u\u0219or de instalat \u2014 perfect pentru orice server RP sau freeroam.<\/p>\n","protected":false},"featured_media":703,"comment_status":"open","ping_status":"closed","template":"","meta":[],"product_brand":[],"product_cat":[127],"product_tag":[],"class_list":{"0":"post-702","1":"product","2":"type-product","3":"status-publish","4":"has-post-thumbnail","6":"product_cat-free","8":"first","9":"instock","10":"downloadable","11":"virtual","12":"purchasable","13":"product-type-simple"},"yoast_head":"<!-- This site is optimized with the Yoast SEO plugin v25.5 - https:\/\/yoast.com\/wordpress\/plugins\/seo\/ -->\n<title>Car Stereo \u2013 Sistem audio pentru ma\u0219ini - K2KGAME<\/title>\n<meta name=\"robots\" content=\"index, follow, max-snippet:-1, max-image-preview:large, max-video-preview:-1\" \/>\n<link rel=\"canonical\" href=\"https:\/\/k2kgame.com\/index.php\/produs\/car-stereo-sistem-audio-pentru-masini\/\" \/>\n<meta property=\"og:locale\" content=\"ro_RO\" \/>\n<meta property=\"og:type\" content=\"article\" \/>\n<meta property=\"og:title\" content=\"Car Stereo \u2013 Sistem audio pentru ma\u0219ini - K2KGAME\" \/>\n<meta property=\"og:description\" content=\"Un sistem gratuit care permite juc\u0103torilor s\u0103 asculte muzic\u0103 direct din vehiculele lor. Simplu, realist \u0219i u\u0219or de instalat \u2014 perfect pentru orice server RP sau freeroam.\" \/>\n<meta property=\"og:url\" content=\"https:\/\/k2kgame.com\/index.php\/produs\/car-stereo-sistem-audio-pentru-masini\/\" \/>\n<meta property=\"og:site_name\" content=\"K2KGAME\" \/>\n<meta property=\"article:modified_time\" content=\"2026-01-04T08:15:49+00:00\" \/>\n<meta property=\"og:image\" content=\"https:\/\/k2kgame.com\/wp-content\/uploads\/2025\/11\/123.png\" \/>\n\t<meta property=\"og:image:width\" content=\"936\" \/>\n\t<meta property=\"og:image:height\" content=\"581\" \/>\n\t<meta property=\"og:image:type\" content=\"image\/png\" \/>\n<meta name=\"twitter:card\" content=\"summary_large_image\" \/>\n<meta name=\"twitter:label1\" content=\"Timp estimat pentru citire\" \/>\n\t<meta name=\"twitter:data1\" content=\"1 minut\" \/>\n<script type=\"application\/ld+json\" class=\"yoast-schema-graph\">{\"@context\":\"https:\/\/schema.org\",\"@graph\":[{\"@type\":\"WebPage\",\"@id\":\"https:\/\/k2kgame.com\/index.php\/produs\/car-stereo-sistem-audio-pentru-masini\/\",\"url\":\"https:\/\/k2kgame.com\/index.php\/produs\/car-stereo-sistem-audio-pentru-masini\/\",\"name\":\"Car Stereo \u2013 Sistem audio pentru ma\u0219ini - K2KGAME\",\"isPartOf\":{\"@id\":\"https:\/\/k2kgame.com\/#website\"},\"primaryImageOfPage\":{\"@id\":\"https:\/\/k2kgame.com\/index.php\/produs\/car-stereo-sistem-audio-pentru-masini\/#primaryimage\"},\"image\":{\"@id\":\"https:\/\/k2kgame.com\/index.php\/produs\/car-stereo-sistem-audio-pentru-masini\/#primaryimage\"},\"thumbnailUrl\":\"https:\/\/k2kgame.com\/wp-content\/uploads\/2025\/11\/123.png\",\"datePublished\":\"2025-11-09T15:25:38+00:00\",\"dateModified\":\"2026-01-04T08:15:49+00:00\",\"breadcrumb\":{\"@id\":\"https:\/\/k2kgame.com\/index.php\/produs\/car-stereo-sistem-audio-pentru-masini\/#breadcrumb\"},\"inLanguage\":\"ro-RO\",\"potentialAction\":[{\"@type\":\"ReadAction\",\"target\":[\"https:\/\/k2kgame.com\/index.php\/produs\/car-stereo-sistem-audio-pentru-masini\/\"]}]},{\"@type\":\"ImageObject\",\"inLanguage\":\"ro-RO\",\"@id\":\"https:\/\/k2kgame.com\/index.php\/produs\/car-stereo-sistem-audio-pentru-masini\/#primaryimage\",\"url\":\"https:\/\/k2kgame.com\/wp-content\/uploads\/2025\/11\/123.png\",\"contentUrl\":\"https:\/\/k2kgame.com\/wp-content\/uploads\/2025\/11\/123.png\",\"width\":936,\"height\":581},{\"@type\":\"BreadcrumbList\",\"@id\":\"https:\/\/k2kgame.com\/index.php\/produs\/car-stereo-sistem-audio-pentru-masini\/#breadcrumb\",\"itemListElement\":[{\"@type\":\"ListItem\",\"position\":1,\"name\":\"Prima pagin\u0103\",\"item\":\"https:\/\/k2kgame.com\/\"},{\"@type\":\"ListItem\",\"position\":2,\"name\":\"Magazin\",\"item\":\"https:\/\/k2kgame.com\/\"},{\"@type\":\"ListItem\",\"position\":3,\"name\":\"Car Stereo \u2013 Sistem audio pentru ma\u0219ini\"}]},{\"@type\":\"WebSite\",\"@id\":\"https:\/\/k2kgame.com\/#website\",\"url\":\"https:\/\/k2kgame.com\/\",\"name\":\"K2KGAME\",\"description\":\"SERVERE SI JOCURI IEFTINE\",\"publisher\":{\"@id\":\"https:\/\/k2kgame.com\/#organization\"},\"potentialAction\":[{\"@type\":\"SearchAction\",\"target\":{\"@type\":\"EntryPoint\",\"urlTemplate\":\"https:\/\/k2kgame.com\/?s={search_term_string}\"},\"query-input\":{\"@type\":\"PropertyValueSpecification\",\"valueRequired\":true,\"valueName\":\"search_term_string\"}}],\"inLanguage\":\"ro-RO\"},{\"@type\":\"Organization\",\"@id\":\"https:\/\/k2kgame.com\/#organization\",\"name\":\"K2KGAME\",\"url\":\"https:\/\/k2kgame.com\/\",\"logo\":{\"@type\":\"ImageObject\",\"inLanguage\":\"ro-RO\",\"@id\":\"https:\/\/k2kgame.com\/#\/schema\/logo\/image\/\",\"url\":\"https:\/\/k2kgame.com\/wp-content\/uploads\/2025\/05\/FiveM-Symbol-scaled.png\",\"contentUrl\":\"https:\/\/k2kgame.com\/wp-content\/uploads\/2025\/05\/FiveM-Symbol-scaled.png\",\"width\":2560,\"height\":1440,\"caption\":\"K2KGAME\"},\"image\":{\"@id\":\"https:\/\/k2kgame.com\/#\/schema\/logo\/image\/\"}}]}<\/script>\n<!-- \/ Yoast SEO plugin. -->","yoast_head_json":{"title":"Car Stereo \u2013 Sistem audio pentru ma\u0219ini - K2KGAME","robots":{"index":"index","follow":"follow","max-snippet":"max-snippet:-1","max-image-preview":"max-image-preview:large","max-video-preview":"max-video-preview:-1"},"canonical":"https:\/\/k2kgame.com\/index.php\/produs\/car-stereo-sistem-audio-pentru-masini\/","og_locale":"ro_RO","og_type":"article","og_title":"Car Stereo \u2013 Sistem audio pentru ma\u0219ini - K2KGAME","og_description":"Un sistem gratuit care permite juc\u0103torilor s\u0103 asculte muzic\u0103 direct din vehiculele lor. Simplu, realist \u0219i u\u0219or de instalat \u2014 perfect pentru orice server RP sau freeroam.","og_url":"https:\/\/k2kgame.com\/index.php\/produs\/car-stereo-sistem-audio-pentru-masini\/","og_site_name":"K2KGAME","article_modified_time":"2026-01-04T08:15:49+00:00","og_image":[{"width":936,"height":581,"url":"https:\/\/k2kgame.com\/wp-content\/uploads\/2025\/11\/123.png","type":"image\/png"}],"twitter_card":"summary_large_image","twitter_misc":{"Timp estimat pentru citire":"1 minut"},"schema":{"@context":"https:\/\/schema.org","@graph":[{"@type":"WebPage","@id":"https:\/\/k2kgame.com\/index.php\/produs\/car-stereo-sistem-audio-pentru-masini\/","url":"https:\/\/k2kgame.com\/index.php\/produs\/car-stereo-sistem-audio-pentru-masini\/","name":"Car Stereo \u2013 Sistem audio pentru ma\u0219ini - K2KGAME","isPartOf":{"@id":"https:\/\/k2kgame.com\/#website"},"primaryImageOfPage":{"@id":"https:\/\/k2kgame.com\/index.php\/produs\/car-stereo-sistem-audio-pentru-masini\/#primaryimage"},"image":{"@id":"https:\/\/k2kgame.com\/index.php\/produs\/car-stereo-sistem-audio-pentru-masini\/#primaryimage"},"thumbnailUrl":"https:\/\/k2kgame.com\/wp-content\/uploads\/2025\/11\/123.png","datePublished":"2025-11-09T15:25:38+00:00","dateModified":"2026-01-04T08:15:49+00:00","breadcrumb":{"@id":"https:\/\/k2kgame.com\/index.php\/produs\/car-stereo-sistem-audio-pentru-masini\/#breadcrumb"},"inLanguage":"ro-RO","potentialAction":[{"@type":"ReadAction","target":["https:\/\/k2kgame.com\/index.php\/produs\/car-stereo-sistem-audio-pentru-masini\/"]}]},{"@type":"ImageObject","inLanguage":"ro-RO","@id":"https:\/\/k2kgame.com\/index.php\/produs\/car-stereo-sistem-audio-pentru-masini\/#primaryimage","url":"https:\/\/k2kgame.com\/wp-content\/uploads\/2025\/11\/123.png","contentUrl":"https:\/\/k2kgame.com\/wp-content\/uploads\/2025\/11\/123.png","width":936,"height":581},{"@type":"BreadcrumbList","@id":"https:\/\/k2kgame.com\/index.php\/produs\/car-stereo-sistem-audio-pentru-masini\/#breadcrumb","itemListElement":[{"@type":"ListItem","position":1,"name":"Prima pagin\u0103","item":"https:\/\/k2kgame.com\/"},{"@type":"ListItem","position":2,"name":"Magazin","item":"https:\/\/k2kgame.com\/"},{"@type":"ListItem","position":3,"name":"Car Stereo \u2013 Sistem audio pentru ma\u0219ini"}]},{"@type":"WebSite","@id":"https:\/\/k2kgame.com\/#website","url":"https:\/\/k2kgame.com\/","name":"K2KGAME","description":"SERVERE SI JOCURI IEFTINE","publisher":{"@id":"https:\/\/k2kgame.com\/#organization"},"potentialAction":[{"@type":"SearchAction","target":{"@type":"EntryPoint","urlTemplate":"https:\/\/k2kgame.com\/?s={search_term_string}"},"query-input":{"@type":"PropertyValueSpecification","valueRequired":true,"valueName":"search_term_string"}}],"inLanguage":"ro-RO"},{"@type":"Organization","@id":"https:\/\/k2kgame.com\/#organization","name":"K2KGAME","url":"https:\/\/k2kgame.com\/","logo":{"@type":"ImageObject","inLanguage":"ro-RO","@id":"https:\/\/k2kgame.com\/#\/schema\/logo\/image\/","url":"https:\/\/k2kgame.com\/wp-content\/uploads\/2025\/05\/FiveM-Symbol-scaled.png","contentUrl":"https:\/\/k2kgame.com\/wp-content\/uploads\/2025\/05\/FiveM-Symbol-scaled.png","width":2560,"height":1440,"caption":"K2KGAME"},"image":{"@id":"https:\/\/k2kgame.com\/#\/schema\/logo\/image\/"}}]}},"jetpack_sharing_enabled":true,"_links":{"self":[{"href":"https:\/\/k2kgame.com\/index.php\/wp-json\/wp\/v2\/product\/702","targetHints":{"allow":["GET"]}}],"collection":[{"href":"https:\/\/k2kgame.com\/index.php\/wp-json\/wp\/v2\/product"}],"about":[{"href":"https:\/\/k2kgame.com\/index.php\/wp-json\/wp\/v2\/types\/product"}],"replies":[{"embeddable":true,"href":"https:\/\/k2kgame.com\/index.php\/wp-json\/wp\/v2\/comments?post=702"}],"wp:featuredmedia":[{"embeddable":true,"href":"https:\/\/k2kgame.com\/index.php\/wp-json\/wp\/v2\/media\/703"}],"wp:attachment":[{"href":"https:\/\/k2kgame.com\/index.php\/wp-json\/wp\/v2\/media?parent=702"}],"wp:term":[{"taxonomy":"product_brand","embeddable":true,"href":"https:\/\/k2kgame.com\/index.php\/wp-json\/wp\/v2\/product_brand?post=702"},{"taxonomy":"product_cat","embeddable":true,"href":"https:\/\/k2kgame.com\/index.php\/wp-json\/wp\/v2\/product_cat?post=702"},{"taxonomy":"product_tag","embeddable":true,"href":"https:\/\/k2kgame.com\/index.php\/wp-json\/wp\/v2\/product_tag?post=702"}],"curies":[{"name":"wp","href":"https:\/\/api.w.org\/{rel}","templated":true}]}}