{"id":496,"date":"2025-08-06T18:07:44","date_gmt":"2025-08-06T18:07:44","guid":{"rendered":"https:\/\/k2kgame.com\/?post_type=product&#038;p=496"},"modified":"2025-12-26T00:07:42","modified_gmt":"2025-12-26T00:07:42","slug":"ajaxon-burton-lsc-fivem-los-santos-customs-mlo","status":"publish","type":"product","link":"https:\/\/k2kgame.com\/index.php\/produs\/ajaxon-burton-lsc-fivem-los-santos-customs-mlo\/","title":{"rendered":"Ajaxon Burton LSC | FiveM Los Santos Customs MLO"},"content":{"rendered":"<h4 data-start=\"344\" data-end=\"361\">Descriere:<\/h4>\n<p data-start=\"362\" data-end=\"645\"><strong data-start=\"362\" data-end=\"383\">ajaxon_burton_lsc<\/strong> este un MLO detaliat al unui Los Santos Customs, amplasat \u00een Burton, perfect pentru serverele FiveM care vor s\u0103 ofere juc\u0103torilor posibilitatea de a-\u0219i modifica \u0219i repara vehiculele \u00een stil autentic. Ideal pentru joburi de mecanic, tuning auto \u0219i roleplay auto.<\/p>\n<p data-start=\"647\" data-end=\"950\">\ud83d\udd27 Atelier complet cu sta\u021bii de lucru pentru modific\u0103ri estetice \u0219i mecanice<br data-start=\"723\" data-end=\"726\" \/>\ud83d\ude97 Zon\u0103 de sp\u0103lare auto, tuning, schimb de anvelope \u0219i repara\u021bii<br data-start=\"790\" data-end=\"793\" \/>\ud83c\udfa8 Design modern \u0219i func\u021bional, compatibil cu diverse scripturi (ESX, QB etc.)<br data-start=\"871\" data-end=\"874\" \/>\u2699\ufe0f Optimizat pentru performan\u021b\u0103, f\u0103r\u0103 glitch-uri sau probleme de coliziune<\/p>\n","protected":false},"excerpt":{"rendered":"<p>Descriere: ajaxon_burton_lsc este un MLO detaliat al unui Los Santos Customs, amplasat \u00een Burton, perfect pentru serverele FiveM care vor s\u0103 ofere juc\u0103torilor posibilitatea de a-\u0219i modifica \u0219i repara vehiculele \u00een stil autentic. Ideal pentru joburi de mecanic, tuning auto \u0219i roleplay auto. \ud83d\udd27 Atelier complet cu sta\u021bii de lucru pentru modific\u0103ri estetice \u0219i mecanice\ud83d\ude97 [&hellip;]<\/p>\n","protected":false},"featured_media":497,"comment_status":"open","ping_status":"closed","template":"","meta":[],"product_brand":[],"product_cat":[79],"product_tag":[],"class_list":{"0":"post-496","1":"product","2":"type-product","3":"status-publish","4":"has-post-thumbnail","6":"product_cat-mapping-fivem","8":"first","9":"instock","10":"shipping-taxable","11":"purchasable","12":"product-type-simple"},"yoast_head":"<!-- This site is optimized with the Yoast SEO plugin v25.5 - https:\/\/yoast.com\/wordpress\/plugins\/seo\/ -->\n<title>Ajaxon Burton LSC | FiveM Los Santos Customs MLO - K2KGAME<\/title>\n<meta name=\"robots\" content=\"index, follow, max-snippet:-1, max-image-preview:large, max-video-preview:-1\" \/>\n<link rel=\"canonical\" href=\"https:\/\/k2kgame.com\/index.php\/produs\/ajaxon-burton-lsc-fivem-los-santos-customs-mlo\/\" \/>\n<meta property=\"og:locale\" content=\"ro_RO\" \/>\n<meta property=\"og:type\" content=\"article\" \/>\n<meta property=\"og:title\" content=\"Ajaxon Burton LSC | FiveM Los Santos Customs MLO - K2KGAME\" \/>\n<meta property=\"og:description\" content=\"Descriere: ajaxon_burton_lsc este un MLO detaliat al unui Los Santos Customs, amplasat \u00een Burton, perfect pentru serverele FiveM care vor s\u0103 ofere juc\u0103torilor posibilitatea de a-\u0219i modifica \u0219i repara vehiculele \u00een stil autentic. Ideal pentru joburi de mecanic, tuning auto \u0219i roleplay auto. \ud83d\udd27 Atelier complet cu sta\u021bii de lucru pentru modific\u0103ri estetice \u0219i mecanice\ud83d\ude97 [&hellip;]\" \/>\n<meta property=\"og:url\" content=\"https:\/\/k2kgame.com\/index.php\/produs\/ajaxon-burton-lsc-fivem-los-santos-customs-mlo\/\" \/>\n<meta property=\"og:site_name\" content=\"K2KGAME\" \/>\n<meta property=\"article:modified_time\" content=\"2025-12-26T00:07:42+00:00\" \/>\n<meta property=\"og:image\" content=\"https:\/\/k2kgame.com\/wp-content\/uploads\/2025\/08\/ajaxon_burton_lsc1.jpg\" \/>\n\t<meta property=\"og:image:width\" content=\"300\" \/>\n\t<meta property=\"og:image:height\" content=\"169\" \/>\n\t<meta property=\"og:image:type\" content=\"image\/jpeg\" \/>\n<meta name=\"twitter:card\" content=\"summary_large_image\" \/>\n<meta name=\"twitter:label1\" content=\"Timp estimat pentru citire\" \/>\n\t<meta name=\"twitter:data1\" content=\"1 minut\" \/>\n<script type=\"application\/ld+json\" class=\"yoast-schema-graph\">{\"@context\":\"https:\/\/schema.org\",\"@graph\":[{\"@type\":\"WebPage\",\"@id\":\"https:\/\/k2kgame.com\/index.php\/produs\/ajaxon-burton-lsc-fivem-los-santos-customs-mlo\/\",\"url\":\"https:\/\/k2kgame.com\/index.php\/produs\/ajaxon-burton-lsc-fivem-los-santos-customs-mlo\/\",\"name\":\"Ajaxon Burton LSC | FiveM Los Santos Customs MLO - K2KGAME\",\"isPartOf\":{\"@id\":\"https:\/\/k2kgame.com\/#website\"},\"primaryImageOfPage\":{\"@id\":\"https:\/\/k2kgame.com\/index.php\/produs\/ajaxon-burton-lsc-fivem-los-santos-customs-mlo\/#primaryimage\"},\"image\":{\"@id\":\"https:\/\/k2kgame.com\/index.php\/produs\/ajaxon-burton-lsc-fivem-los-santos-customs-mlo\/#primaryimage\"},\"thumbnailUrl\":\"https:\/\/k2kgame.com\/wp-content\/uploads\/2025\/08\/ajaxon_burton_lsc1.jpg\",\"datePublished\":\"2025-08-06T18:07:44+00:00\",\"dateModified\":\"2025-12-26T00:07:42+00:00\",\"breadcrumb\":{\"@id\":\"https:\/\/k2kgame.com\/index.php\/produs\/ajaxon-burton-lsc-fivem-los-santos-customs-mlo\/#breadcrumb\"},\"inLanguage\":\"ro-RO\",\"potentialAction\":[{\"@type\":\"ReadAction\",\"target\":[\"https:\/\/k2kgame.com\/index.php\/produs\/ajaxon-burton-lsc-fivem-los-santos-customs-mlo\/\"]}]},{\"@type\":\"ImageObject\",\"inLanguage\":\"ro-RO\",\"@id\":\"https:\/\/k2kgame.com\/index.php\/produs\/ajaxon-burton-lsc-fivem-los-santos-customs-mlo\/#primaryimage\",\"url\":\"https:\/\/k2kgame.com\/wp-content\/uploads\/2025\/08\/ajaxon_burton_lsc1.jpg\",\"contentUrl\":\"https:\/\/k2kgame.com\/wp-content\/uploads\/2025\/08\/ajaxon_burton_lsc1.jpg\",\"width\":300,\"height\":169},{\"@type\":\"BreadcrumbList\",\"@id\":\"https:\/\/k2kgame.com\/index.php\/produs\/ajaxon-burton-lsc-fivem-los-santos-customs-mlo\/#breadcrumb\",\"itemListElement\":[{\"@type\":\"ListItem\",\"position\":1,\"name\":\"Prima pagin\u0103\",\"item\":\"https:\/\/k2kgame.com\/\"},{\"@type\":\"ListItem\",\"position\":2,\"name\":\"Magazin\",\"item\":\"https:\/\/k2kgame.com\/\"},{\"@type\":\"ListItem\",\"position\":3,\"name\":\"Ajaxon Burton LSC | FiveM Los Santos Customs MLO\"}]},{\"@type\":\"WebSite\",\"@id\":\"https:\/\/k2kgame.com\/#website\",\"url\":\"https:\/\/k2kgame.com\/\",\"name\":\"K2KGAME\",\"description\":\"SERVERE SI JOCURI IEFTINE\",\"publisher\":{\"@id\":\"https:\/\/k2kgame.com\/#organization\"},\"potentialAction\":[{\"@type\":\"SearchAction\",\"target\":{\"@type\":\"EntryPoint\",\"urlTemplate\":\"https:\/\/k2kgame.com\/?s={search_term_string}\"},\"query-input\":{\"@type\":\"PropertyValueSpecification\",\"valueRequired\":true,\"valueName\":\"search_term_string\"}}],\"inLanguage\":\"ro-RO\"},{\"@type\":\"Organization\",\"@id\":\"https:\/\/k2kgame.com\/#organization\",\"name\":\"K2KGAME\",\"url\":\"https:\/\/k2kgame.com\/\",\"logo\":{\"@type\":\"ImageObject\",\"inLanguage\":\"ro-RO\",\"@id\":\"https:\/\/k2kgame.com\/#\/schema\/logo\/image\/\",\"url\":\"https:\/\/k2kgame.com\/wp-content\/uploads\/2025\/05\/FiveM-Symbol-scaled.png\",\"contentUrl\":\"https:\/\/k2kgame.com\/wp-content\/uploads\/2025\/05\/FiveM-Symbol-scaled.png\",\"width\":2560,\"height\":1440,\"caption\":\"K2KGAME\"},\"image\":{\"@id\":\"https:\/\/k2kgame.com\/#\/schema\/logo\/image\/\"}}]}<\/script>\n<!-- \/ Yoast SEO plugin. -->","yoast_head_json":{"title":"Ajaxon Burton LSC | FiveM Los Santos Customs MLO - K2KGAME","robots":{"index":"index","follow":"follow","max-snippet":"max-snippet:-1","max-image-preview":"max-image-preview:large","max-video-preview":"max-video-preview:-1"},"canonical":"https:\/\/k2kgame.com\/index.php\/produs\/ajaxon-burton-lsc-fivem-los-santos-customs-mlo\/","og_locale":"ro_RO","og_type":"article","og_title":"Ajaxon Burton LSC | FiveM Los Santos Customs MLO - K2KGAME","og_description":"Descriere: ajaxon_burton_lsc este un MLO detaliat al unui Los Santos Customs, amplasat \u00een Burton, perfect pentru serverele FiveM care vor s\u0103 ofere juc\u0103torilor posibilitatea de a-\u0219i modifica \u0219i repara vehiculele \u00een stil autentic. Ideal pentru joburi de mecanic, tuning auto \u0219i roleplay auto. \ud83d\udd27 Atelier complet cu sta\u021bii de lucru pentru modific\u0103ri estetice \u0219i mecanice\ud83d\ude97 [&hellip;]","og_url":"https:\/\/k2kgame.com\/index.php\/produs\/ajaxon-burton-lsc-fivem-los-santos-customs-mlo\/","og_site_name":"K2KGAME","article_modified_time":"2025-12-26T00:07:42+00:00","og_image":[{"width":300,"height":169,"url":"https:\/\/k2kgame.com\/wp-content\/uploads\/2025\/08\/ajaxon_burton_lsc1.jpg","type":"image\/jpeg"}],"twitter_card":"summary_large_image","twitter_misc":{"Timp estimat pentru citire":"1 minut"},"schema":{"@context":"https:\/\/schema.org","@graph":[{"@type":"WebPage","@id":"https:\/\/k2kgame.com\/index.php\/produs\/ajaxon-burton-lsc-fivem-los-santos-customs-mlo\/","url":"https:\/\/k2kgame.com\/index.php\/produs\/ajaxon-burton-lsc-fivem-los-santos-customs-mlo\/","name":"Ajaxon Burton LSC | FiveM Los Santos Customs MLO - K2KGAME","isPartOf":{"@id":"https:\/\/k2kgame.com\/#website"},"primaryImageOfPage":{"@id":"https:\/\/k2kgame.com\/index.php\/produs\/ajaxon-burton-lsc-fivem-los-santos-customs-mlo\/#primaryimage"},"image":{"@id":"https:\/\/k2kgame.com\/index.php\/produs\/ajaxon-burton-lsc-fivem-los-santos-customs-mlo\/#primaryimage"},"thumbnailUrl":"https:\/\/k2kgame.com\/wp-content\/uploads\/2025\/08\/ajaxon_burton_lsc1.jpg","datePublished":"2025-08-06T18:07:44+00:00","dateModified":"2025-12-26T00:07:42+00:00","breadcrumb":{"@id":"https:\/\/k2kgame.com\/index.php\/produs\/ajaxon-burton-lsc-fivem-los-santos-customs-mlo\/#breadcrumb"},"inLanguage":"ro-RO","potentialAction":[{"@type":"ReadAction","target":["https:\/\/k2kgame.com\/index.php\/produs\/ajaxon-burton-lsc-fivem-los-santos-customs-mlo\/"]}]},{"@type":"ImageObject","inLanguage":"ro-RO","@id":"https:\/\/k2kgame.com\/index.php\/produs\/ajaxon-burton-lsc-fivem-los-santos-customs-mlo\/#primaryimage","url":"https:\/\/k2kgame.com\/wp-content\/uploads\/2025\/08\/ajaxon_burton_lsc1.jpg","contentUrl":"https:\/\/k2kgame.com\/wp-content\/uploads\/2025\/08\/ajaxon_burton_lsc1.jpg","width":300,"height":169},{"@type":"BreadcrumbList","@id":"https:\/\/k2kgame.com\/index.php\/produs\/ajaxon-burton-lsc-fivem-los-santos-customs-mlo\/#breadcrumb","itemListElement":[{"@type":"ListItem","position":1,"name":"Prima pagin\u0103","item":"https:\/\/k2kgame.com\/"},{"@type":"ListItem","position":2,"name":"Magazin","item":"https:\/\/k2kgame.com\/"},{"@type":"ListItem","position":3,"name":"Ajaxon Burton LSC | FiveM Los Santos Customs MLO"}]},{"@type":"WebSite","@id":"https:\/\/k2kgame.com\/#website","url":"https:\/\/k2kgame.com\/","name":"K2KGAME","description":"SERVERE SI JOCURI IEFTINE","publisher":{"@id":"https:\/\/k2kgame.com\/#organization"},"potentialAction":[{"@type":"SearchAction","target":{"@type":"EntryPoint","urlTemplate":"https:\/\/k2kgame.com\/?s={search_term_string}"},"query-input":{"@type":"PropertyValueSpecification","valueRequired":true,"valueName":"search_term_string"}}],"inLanguage":"ro-RO"},{"@type":"Organization","@id":"https:\/\/k2kgame.com\/#organization","name":"K2KGAME","url":"https:\/\/k2kgame.com\/","logo":{"@type":"ImageObject","inLanguage":"ro-RO","@id":"https:\/\/k2kgame.com\/#\/schema\/logo\/image\/","url":"https:\/\/k2kgame.com\/wp-content\/uploads\/2025\/05\/FiveM-Symbol-scaled.png","contentUrl":"https:\/\/k2kgame.com\/wp-content\/uploads\/2025\/05\/FiveM-Symbol-scaled.png","width":2560,"height":1440,"caption":"K2KGAME"},"image":{"@id":"https:\/\/k2kgame.com\/#\/schema\/logo\/image\/"}}]}},"jetpack_sharing_enabled":true,"_links":{"self":[{"href":"https:\/\/k2kgame.com\/index.php\/wp-json\/wp\/v2\/product\/496","targetHints":{"allow":["GET"]}}],"collection":[{"href":"https:\/\/k2kgame.com\/index.php\/wp-json\/wp\/v2\/product"}],"about":[{"href":"https:\/\/k2kgame.com\/index.php\/wp-json\/wp\/v2\/types\/product"}],"replies":[{"embeddable":true,"href":"https:\/\/k2kgame.com\/index.php\/wp-json\/wp\/v2\/comments?post=496"}],"wp:featuredmedia":[{"embeddable":true,"href":"https:\/\/k2kgame.com\/index.php\/wp-json\/wp\/v2\/media\/497"}],"wp:attachment":[{"href":"https:\/\/k2kgame.com\/index.php\/wp-json\/wp\/v2\/media?parent=496"}],"wp:term":[{"taxonomy":"product_brand","embeddable":true,"href":"https:\/\/k2kgame.com\/index.php\/wp-json\/wp\/v2\/product_brand?post=496"},{"taxonomy":"product_cat","embeddable":true,"href":"https:\/\/k2kgame.com\/index.php\/wp-json\/wp\/v2\/product_cat?post=496"},{"taxonomy":"product_tag","embeddable":true,"href":"https:\/\/k2kgame.com\/index.php\/wp-json\/wp\/v2\/product_tag?post=496"}],"curies":[{"name":"wp","href":"https:\/\/api.w.org\/{rel}","templated":true}]}}