{"id":488,"date":"2025-08-06T18:05:59","date_gmt":"2025-08-06T18:05:59","guid":{"rendered":"https:\/\/k2kgame.com\/?post_type=product&#038;p=488"},"modified":"2025-12-26T00:07:42","modified_gmt":"2025-12-26T00:07:42","slug":"bloods-v2-hq-fivem-gang-house-mlo","status":"publish","type":"product","link":"https:\/\/k2kgame.com\/index.php\/produs\/bloods-v2-hq-fivem-gang-house-mlo\/","title":{"rendered":"Bloods V2 HQ | FiveM Gang House MLO"},"content":{"rendered":"<h4 data-start=\"326\" data-end=\"343\">Descriere:<\/h4>\n<p data-start=\"344\" data-end=\"608\"><strong data-start=\"344\" data-end=\"358\">bloodsv2-2<\/strong> este un MLO dedicat bandei Bloods, oferind un spa\u021biu perfect pentru roleplay-ul de gang pe serverele FiveM. Cu un design modern \u0219i detalii tematice autentice, aceast\u0103 loca\u021bie serve\u0219te drept sediu pentru \u00eent\u00e2lniri, depozitare \u0219i activit\u0103\u021bi de strad\u0103.<\/p>\n<p data-start=\"610\" data-end=\"946\">\ud83c\udfe0 Interior complet: camere de zi, dormitoare, zon\u0103 de depozit \u0219i camer\u0103 de arme<br data-start=\"690\" data-end=\"693\" \/>\ud83c\udfa8 Elemente grafice \u0219i decor specifice bandei Bloods \u2013 culori, graffiti \u0219i simboluri<br data-start=\"777\" data-end=\"780\" \/>\ud83d\udd10 Acces securizat \u0219i design func\u021bional pentru RP de tip gang \u0219i turf wars<br data-start=\"854\" data-end=\"857\" \/>\u2699\ufe0f Optimizat pentru performan\u021b\u0103, f\u0103r\u0103 glitch-uri \u0219i compatibil cu scripturi de fac\u021biuni<\/p>\n","protected":false},"excerpt":{"rendered":"<p>Descriere: bloodsv2-2 este un MLO dedicat bandei Bloods, oferind un spa\u021biu perfect pentru roleplay-ul de gang pe serverele FiveM. Cu un design modern \u0219i detalii tematice autentice, aceast\u0103 loca\u021bie serve\u0219te drept sediu pentru \u00eent\u00e2lniri, depozitare \u0219i activit\u0103\u021bi de strad\u0103. \ud83c\udfe0 Interior complet: camere de zi, dormitoare, zon\u0103 de depozit \u0219i camer\u0103 de arme\ud83c\udfa8 Elemente grafice [&hellip;]<\/p>\n","protected":false},"featured_media":489,"comment_status":"open","ping_status":"closed","template":"","meta":[],"product_brand":[],"product_cat":[79],"product_tag":[],"class_list":{"0":"post-488","1":"product","2":"type-product","3":"status-publish","4":"has-post-thumbnail","6":"product_cat-mapping-fivem","8":"first","9":"instock","10":"shipping-taxable","11":"purchasable","12":"product-type-simple"},"yoast_head":"<!-- This site is optimized with the Yoast SEO plugin v25.5 - https:\/\/yoast.com\/wordpress\/plugins\/seo\/ -->\n<title>Bloods V2 HQ | FiveM Gang House MLO - K2KGAME<\/title>\n<meta name=\"robots\" content=\"index, follow, max-snippet:-1, max-image-preview:large, max-video-preview:-1\" \/>\n<link rel=\"canonical\" href=\"https:\/\/k2kgame.com\/index.php\/produs\/bloods-v2-hq-fivem-gang-house-mlo\/\" \/>\n<meta property=\"og:locale\" content=\"ro_RO\" \/>\n<meta property=\"og:type\" content=\"article\" \/>\n<meta property=\"og:title\" content=\"Bloods V2 HQ | FiveM Gang House MLO - K2KGAME\" \/>\n<meta property=\"og:description\" content=\"Descriere: bloodsv2-2 este un MLO dedicat bandei Bloods, oferind un spa\u021biu perfect pentru roleplay-ul de gang pe serverele FiveM. Cu un design modern \u0219i detalii tematice autentice, aceast\u0103 loca\u021bie serve\u0219te drept sediu pentru \u00eent\u00e2lniri, depozitare \u0219i activit\u0103\u021bi de strad\u0103. \ud83c\udfe0 Interior complet: camere de zi, dormitoare, zon\u0103 de depozit \u0219i camer\u0103 de arme\ud83c\udfa8 Elemente grafice [&hellip;]\" \/>\n<meta property=\"og:url\" content=\"https:\/\/k2kgame.com\/index.php\/produs\/bloods-v2-hq-fivem-gang-house-mlo\/\" \/>\n<meta property=\"og:site_name\" content=\"K2KGAME\" \/>\n<meta property=\"article:modified_time\" content=\"2025-12-26T00:07:42+00:00\" \/>\n<meta property=\"og:image\" content=\"https:\/\/k2kgame.com\/wp-content\/uploads\/2025\/08\/bloodsv2-1.webp\" \/>\n\t<meta property=\"og:image:width\" content=\"955\" \/>\n\t<meta property=\"og:image:height\" content=\"837\" \/>\n\t<meta property=\"og:image:type\" content=\"image\/webp\" \/>\n<meta name=\"twitter:card\" content=\"summary_large_image\" \/>\n<meta name=\"twitter:label1\" content=\"Timp estimat pentru citire\" \/>\n\t<meta name=\"twitter:data1\" content=\"1 minut\" \/>\n<script type=\"application\/ld+json\" class=\"yoast-schema-graph\">{\"@context\":\"https:\/\/schema.org\",\"@graph\":[{\"@type\":\"WebPage\",\"@id\":\"https:\/\/k2kgame.com\/index.php\/produs\/bloods-v2-hq-fivem-gang-house-mlo\/\",\"url\":\"https:\/\/k2kgame.com\/index.php\/produs\/bloods-v2-hq-fivem-gang-house-mlo\/\",\"name\":\"Bloods V2 HQ | FiveM Gang House MLO - K2KGAME\",\"isPartOf\":{\"@id\":\"https:\/\/k2kgame.com\/#website\"},\"primaryImageOfPage\":{\"@id\":\"https:\/\/k2kgame.com\/index.php\/produs\/bloods-v2-hq-fivem-gang-house-mlo\/#primaryimage\"},\"image\":{\"@id\":\"https:\/\/k2kgame.com\/index.php\/produs\/bloods-v2-hq-fivem-gang-house-mlo\/#primaryimage\"},\"thumbnailUrl\":\"https:\/\/k2kgame.com\/wp-content\/uploads\/2025\/08\/bloodsv2-1.webp\",\"datePublished\":\"2025-08-06T18:05:59+00:00\",\"dateModified\":\"2025-12-26T00:07:42+00:00\",\"breadcrumb\":{\"@id\":\"https:\/\/k2kgame.com\/index.php\/produs\/bloods-v2-hq-fivem-gang-house-mlo\/#breadcrumb\"},\"inLanguage\":\"ro-RO\",\"potentialAction\":[{\"@type\":\"ReadAction\",\"target\":[\"https:\/\/k2kgame.com\/index.php\/produs\/bloods-v2-hq-fivem-gang-house-mlo\/\"]}]},{\"@type\":\"ImageObject\",\"inLanguage\":\"ro-RO\",\"@id\":\"https:\/\/k2kgame.com\/index.php\/produs\/bloods-v2-hq-fivem-gang-house-mlo\/#primaryimage\",\"url\":\"https:\/\/k2kgame.com\/wp-content\/uploads\/2025\/08\/bloodsv2-1.webp\",\"contentUrl\":\"https:\/\/k2kgame.com\/wp-content\/uploads\/2025\/08\/bloodsv2-1.webp\",\"width\":955,\"height\":837},{\"@type\":\"BreadcrumbList\",\"@id\":\"https:\/\/k2kgame.com\/index.php\/produs\/bloods-v2-hq-fivem-gang-house-mlo\/#breadcrumb\",\"itemListElement\":[{\"@type\":\"ListItem\",\"position\":1,\"name\":\"Prima pagin\u0103\",\"item\":\"https:\/\/k2kgame.com\/\"},{\"@type\":\"ListItem\",\"position\":2,\"name\":\"Magazin\",\"item\":\"https:\/\/k2kgame.com\/\"},{\"@type\":\"ListItem\",\"position\":3,\"name\":\"Bloods V2 HQ | FiveM Gang House MLO\"}]},{\"@type\":\"WebSite\",\"@id\":\"https:\/\/k2kgame.com\/#website\",\"url\":\"https:\/\/k2kgame.com\/\",\"name\":\"K2KGAME\",\"description\":\"SERVERE SI JOCURI IEFTINE\",\"publisher\":{\"@id\":\"https:\/\/k2kgame.com\/#organization\"},\"potentialAction\":[{\"@type\":\"SearchAction\",\"target\":{\"@type\":\"EntryPoint\",\"urlTemplate\":\"https:\/\/k2kgame.com\/?s={search_term_string}\"},\"query-input\":{\"@type\":\"PropertyValueSpecification\",\"valueRequired\":true,\"valueName\":\"search_term_string\"}}],\"inLanguage\":\"ro-RO\"},{\"@type\":\"Organization\",\"@id\":\"https:\/\/k2kgame.com\/#organization\",\"name\":\"K2KGAME\",\"url\":\"https:\/\/k2kgame.com\/\",\"logo\":{\"@type\":\"ImageObject\",\"inLanguage\":\"ro-RO\",\"@id\":\"https:\/\/k2kgame.com\/#\/schema\/logo\/image\/\",\"url\":\"https:\/\/k2kgame.com\/wp-content\/uploads\/2025\/05\/FiveM-Symbol-scaled.png\",\"contentUrl\":\"https:\/\/k2kgame.com\/wp-content\/uploads\/2025\/05\/FiveM-Symbol-scaled.png\",\"width\":2560,\"height\":1440,\"caption\":\"K2KGAME\"},\"image\":{\"@id\":\"https:\/\/k2kgame.com\/#\/schema\/logo\/image\/\"}}]}<\/script>\n<!-- \/ Yoast SEO plugin. -->","yoast_head_json":{"title":"Bloods V2 HQ | FiveM Gang House MLO - K2KGAME","robots":{"index":"index","follow":"follow","max-snippet":"max-snippet:-1","max-image-preview":"max-image-preview:large","max-video-preview":"max-video-preview:-1"},"canonical":"https:\/\/k2kgame.com\/index.php\/produs\/bloods-v2-hq-fivem-gang-house-mlo\/","og_locale":"ro_RO","og_type":"article","og_title":"Bloods V2 HQ | FiveM Gang House MLO - K2KGAME","og_description":"Descriere: bloodsv2-2 este un MLO dedicat bandei Bloods, oferind un spa\u021biu perfect pentru roleplay-ul de gang pe serverele FiveM. Cu un design modern \u0219i detalii tematice autentice, aceast\u0103 loca\u021bie serve\u0219te drept sediu pentru \u00eent\u00e2lniri, depozitare \u0219i activit\u0103\u021bi de strad\u0103. \ud83c\udfe0 Interior complet: camere de zi, dormitoare, zon\u0103 de depozit \u0219i camer\u0103 de arme\ud83c\udfa8 Elemente grafice [&hellip;]","og_url":"https:\/\/k2kgame.com\/index.php\/produs\/bloods-v2-hq-fivem-gang-house-mlo\/","og_site_name":"K2KGAME","article_modified_time":"2025-12-26T00:07:42+00:00","og_image":[{"width":955,"height":837,"url":"https:\/\/k2kgame.com\/wp-content\/uploads\/2025\/08\/bloodsv2-1.webp","type":"image\/webp"}],"twitter_card":"summary_large_image","twitter_misc":{"Timp estimat pentru citire":"1 minut"},"schema":{"@context":"https:\/\/schema.org","@graph":[{"@type":"WebPage","@id":"https:\/\/k2kgame.com\/index.php\/produs\/bloods-v2-hq-fivem-gang-house-mlo\/","url":"https:\/\/k2kgame.com\/index.php\/produs\/bloods-v2-hq-fivem-gang-house-mlo\/","name":"Bloods V2 HQ | FiveM Gang House MLO - K2KGAME","isPartOf":{"@id":"https:\/\/k2kgame.com\/#website"},"primaryImageOfPage":{"@id":"https:\/\/k2kgame.com\/index.php\/produs\/bloods-v2-hq-fivem-gang-house-mlo\/#primaryimage"},"image":{"@id":"https:\/\/k2kgame.com\/index.php\/produs\/bloods-v2-hq-fivem-gang-house-mlo\/#primaryimage"},"thumbnailUrl":"https:\/\/k2kgame.com\/wp-content\/uploads\/2025\/08\/bloodsv2-1.webp","datePublished":"2025-08-06T18:05:59+00:00","dateModified":"2025-12-26T00:07:42+00:00","breadcrumb":{"@id":"https:\/\/k2kgame.com\/index.php\/produs\/bloods-v2-hq-fivem-gang-house-mlo\/#breadcrumb"},"inLanguage":"ro-RO","potentialAction":[{"@type":"ReadAction","target":["https:\/\/k2kgame.com\/index.php\/produs\/bloods-v2-hq-fivem-gang-house-mlo\/"]}]},{"@type":"ImageObject","inLanguage":"ro-RO","@id":"https:\/\/k2kgame.com\/index.php\/produs\/bloods-v2-hq-fivem-gang-house-mlo\/#primaryimage","url":"https:\/\/k2kgame.com\/wp-content\/uploads\/2025\/08\/bloodsv2-1.webp","contentUrl":"https:\/\/k2kgame.com\/wp-content\/uploads\/2025\/08\/bloodsv2-1.webp","width":955,"height":837},{"@type":"BreadcrumbList","@id":"https:\/\/k2kgame.com\/index.php\/produs\/bloods-v2-hq-fivem-gang-house-mlo\/#breadcrumb","itemListElement":[{"@type":"ListItem","position":1,"name":"Prima pagin\u0103","item":"https:\/\/k2kgame.com\/"},{"@type":"ListItem","position":2,"name":"Magazin","item":"https:\/\/k2kgame.com\/"},{"@type":"ListItem","position":3,"name":"Bloods V2 HQ | FiveM Gang House MLO"}]},{"@type":"WebSite","@id":"https:\/\/k2kgame.com\/#website","url":"https:\/\/k2kgame.com\/","name":"K2KGAME","description":"SERVERE SI JOCURI IEFTINE","publisher":{"@id":"https:\/\/k2kgame.com\/#organization"},"potentialAction":[{"@type":"SearchAction","target":{"@type":"EntryPoint","urlTemplate":"https:\/\/k2kgame.com\/?s={search_term_string}"},"query-input":{"@type":"PropertyValueSpecification","valueRequired":true,"valueName":"search_term_string"}}],"inLanguage":"ro-RO"},{"@type":"Organization","@id":"https:\/\/k2kgame.com\/#organization","name":"K2KGAME","url":"https:\/\/k2kgame.com\/","logo":{"@type":"ImageObject","inLanguage":"ro-RO","@id":"https:\/\/k2kgame.com\/#\/schema\/logo\/image\/","url":"https:\/\/k2kgame.com\/wp-content\/uploads\/2025\/05\/FiveM-Symbol-scaled.png","contentUrl":"https:\/\/k2kgame.com\/wp-content\/uploads\/2025\/05\/FiveM-Symbol-scaled.png","width":2560,"height":1440,"caption":"K2KGAME"},"image":{"@id":"https:\/\/k2kgame.com\/#\/schema\/logo\/image\/"}}]}},"jetpack_sharing_enabled":true,"_links":{"self":[{"href":"https:\/\/k2kgame.com\/index.php\/wp-json\/wp\/v2\/product\/488","targetHints":{"allow":["GET"]}}],"collection":[{"href":"https:\/\/k2kgame.com\/index.php\/wp-json\/wp\/v2\/product"}],"about":[{"href":"https:\/\/k2kgame.com\/index.php\/wp-json\/wp\/v2\/types\/product"}],"replies":[{"embeddable":true,"href":"https:\/\/k2kgame.com\/index.php\/wp-json\/wp\/v2\/comments?post=488"}],"wp:featuredmedia":[{"embeddable":true,"href":"https:\/\/k2kgame.com\/index.php\/wp-json\/wp\/v2\/media\/489"}],"wp:attachment":[{"href":"https:\/\/k2kgame.com\/index.php\/wp-json\/wp\/v2\/media?parent=488"}],"wp:term":[{"taxonomy":"product_brand","embeddable":true,"href":"https:\/\/k2kgame.com\/index.php\/wp-json\/wp\/v2\/product_brand?post=488"},{"taxonomy":"product_cat","embeddable":true,"href":"https:\/\/k2kgame.com\/index.php\/wp-json\/wp\/v2\/product_cat?post=488"},{"taxonomy":"product_tag","embeddable":true,"href":"https:\/\/k2kgame.com\/index.php\/wp-json\/wp\/v2\/product_tag?post=488"}],"curies":[{"name":"wp","href":"https:\/\/api.w.org\/{rel}","templated":true}]}}