{"id":484,"date":"2025-08-06T17:59:20","date_gmt":"2025-08-06T17:59:20","guid":{"rendered":"https:\/\/k2kgame.com\/?post_type=product&#038;p=484"},"modified":"2025-12-26T00:07:42","modified_gmt":"2025-12-26T00:07:42","slug":"tunnel-hideout-fivem-underground-gang-hideout-mlo","status":"publish","type":"product","link":"https:\/\/k2kgame.com\/index.php\/produs\/tunnel-hideout-fivem-underground-gang-hideout-mlo\/","title":{"rendered":"Tunnel Hideout | FiveM Underground Gang Hideout MLO"},"content":{"rendered":"<h4 data-start=\"386\" data-end=\"403\">Descriere:<\/h4>\n<p data-start=\"404\" data-end=\"723\"><strong data-start=\"404\" data-end=\"426\">brnx_tunnelhideout<\/strong> este un MLO subteran, perfect pentru serverele FiveM care doresc s\u0103 ofere fac\u021biunilor de tip gang, carteluri sau grupuri criminale un spa\u021biu discret \u0219i sigur pentru opera\u021biuni ilegale. Acest tunel ascuns ofer\u0103 un refugiu ideal pentru \u00eent\u00e2lniri secrete, depozitare de bunuri \u0219i planuri strategice.<\/p>\n<p data-start=\"725\" data-end=\"1011\">\ud83c\udf11 Design detaliat cu coridoare, camere de stocare \u0219i zone de repaus<br data-start=\"793\" data-end=\"796\" \/>\ud83d\udd12 Acces securizat \u0219i pozi\u021bionare ascuns\u0103 pentru protec\u021bie maxim\u0103<br data-start=\"861\" data-end=\"864\" \/>\ud83d\udca3 Ideal pentru roleplay de contraband\u0103, trafic de droguri sau arme<br data-start=\"931\" data-end=\"934\" \/>\u2699\ufe0f Optimizat pentru performan\u021b\u0103 \u0219i integrabil cu alte scripturi de fac\u021biuni<\/p>\n","protected":false},"excerpt":{"rendered":"<p>Descriere: brnx_tunnelhideout este un MLO subteran, perfect pentru serverele FiveM care doresc s\u0103 ofere fac\u021biunilor de tip gang, carteluri sau grupuri criminale un spa\u021biu discret \u0219i sigur pentru opera\u021biuni ilegale. Acest tunel ascuns ofer\u0103 un refugiu ideal pentru \u00eent\u00e2lniri secrete, depozitare de bunuri \u0219i planuri strategice. \ud83c\udf11 Design detaliat cu coridoare, camere de stocare \u0219i [&hellip;]<\/p>\n","protected":false},"featured_media":485,"comment_status":"open","ping_status":"closed","template":"","meta":[],"product_brand":[],"product_cat":[79],"product_tag":[],"class_list":{"0":"post-484","1":"product","2":"type-product","3":"status-publish","4":"has-post-thumbnail","6":"product_cat-mapping-fivem","8":"first","9":"instock","10":"shipping-taxable","11":"purchasable","12":"product-type-simple"},"yoast_head":"<!-- This site is optimized with the Yoast SEO plugin v25.5 - https:\/\/yoast.com\/wordpress\/plugins\/seo\/ -->\n<title>Tunnel Hideout | FiveM Underground Gang Hideout MLO - K2KGAME<\/title>\n<meta name=\"robots\" content=\"index, follow, max-snippet:-1, max-image-preview:large, max-video-preview:-1\" \/>\n<link rel=\"canonical\" href=\"https:\/\/k2kgame.com\/index.php\/produs\/tunnel-hideout-fivem-underground-gang-hideout-mlo\/\" \/>\n<meta property=\"og:locale\" content=\"ro_RO\" \/>\n<meta property=\"og:type\" content=\"article\" \/>\n<meta property=\"og:title\" content=\"Tunnel Hideout | FiveM Underground Gang Hideout MLO - K2KGAME\" \/>\n<meta property=\"og:description\" content=\"Descriere: brnx_tunnelhideout este un MLO subteran, perfect pentru serverele FiveM care doresc s\u0103 ofere fac\u021biunilor de tip gang, carteluri sau grupuri criminale un spa\u021biu discret \u0219i sigur pentru opera\u021biuni ilegale. Acest tunel ascuns ofer\u0103 un refugiu ideal pentru \u00eent\u00e2lniri secrete, depozitare de bunuri \u0219i planuri strategice. \ud83c\udf11 Design detaliat cu coridoare, camere de stocare \u0219i [&hellip;]\" \/>\n<meta property=\"og:url\" content=\"https:\/\/k2kgame.com\/index.php\/produs\/tunnel-hideout-fivem-underground-gang-hideout-mlo\/\" \/>\n<meta property=\"og:site_name\" content=\"K2KGAME\" \/>\n<meta property=\"article:modified_time\" content=\"2025-12-26T00:07:42+00:00\" \/>\n<meta property=\"og:image\" content=\"https:\/\/k2kgame.com\/wp-content\/uploads\/2025\/08\/brnx_tunnelhideout1.jpeg\" \/>\n\t<meta property=\"og:image:width\" content=\"300\" \/>\n\t<meta property=\"og:image:height\" content=\"168\" \/>\n\t<meta property=\"og:image:type\" content=\"image\/jpeg\" \/>\n<meta name=\"twitter:card\" content=\"summary_large_image\" \/>\n<meta name=\"twitter:label1\" content=\"Timp estimat pentru citire\" \/>\n\t<meta name=\"twitter:data1\" content=\"1 minut\" \/>\n<script type=\"application\/ld+json\" class=\"yoast-schema-graph\">{\"@context\":\"https:\/\/schema.org\",\"@graph\":[{\"@type\":\"WebPage\",\"@id\":\"https:\/\/k2kgame.com\/index.php\/produs\/tunnel-hideout-fivem-underground-gang-hideout-mlo\/\",\"url\":\"https:\/\/k2kgame.com\/index.php\/produs\/tunnel-hideout-fivem-underground-gang-hideout-mlo\/\",\"name\":\"Tunnel Hideout | FiveM Underground Gang Hideout MLO - K2KGAME\",\"isPartOf\":{\"@id\":\"https:\/\/k2kgame.com\/#website\"},\"primaryImageOfPage\":{\"@id\":\"https:\/\/k2kgame.com\/index.php\/produs\/tunnel-hideout-fivem-underground-gang-hideout-mlo\/#primaryimage\"},\"image\":{\"@id\":\"https:\/\/k2kgame.com\/index.php\/produs\/tunnel-hideout-fivem-underground-gang-hideout-mlo\/#primaryimage\"},\"thumbnailUrl\":\"https:\/\/k2kgame.com\/wp-content\/uploads\/2025\/08\/brnx_tunnelhideout1.jpeg\",\"datePublished\":\"2025-08-06T17:59:20+00:00\",\"dateModified\":\"2025-12-26T00:07:42+00:00\",\"breadcrumb\":{\"@id\":\"https:\/\/k2kgame.com\/index.php\/produs\/tunnel-hideout-fivem-underground-gang-hideout-mlo\/#breadcrumb\"},\"inLanguage\":\"ro-RO\",\"potentialAction\":[{\"@type\":\"ReadAction\",\"target\":[\"https:\/\/k2kgame.com\/index.php\/produs\/tunnel-hideout-fivem-underground-gang-hideout-mlo\/\"]}]},{\"@type\":\"ImageObject\",\"inLanguage\":\"ro-RO\",\"@id\":\"https:\/\/k2kgame.com\/index.php\/produs\/tunnel-hideout-fivem-underground-gang-hideout-mlo\/#primaryimage\",\"url\":\"https:\/\/k2kgame.com\/wp-content\/uploads\/2025\/08\/brnx_tunnelhideout1.jpeg\",\"contentUrl\":\"https:\/\/k2kgame.com\/wp-content\/uploads\/2025\/08\/brnx_tunnelhideout1.jpeg\",\"width\":300,\"height\":168},{\"@type\":\"BreadcrumbList\",\"@id\":\"https:\/\/k2kgame.com\/index.php\/produs\/tunnel-hideout-fivem-underground-gang-hideout-mlo\/#breadcrumb\",\"itemListElement\":[{\"@type\":\"ListItem\",\"position\":1,\"name\":\"Prima pagin\u0103\",\"item\":\"https:\/\/k2kgame.com\/\"},{\"@type\":\"ListItem\",\"position\":2,\"name\":\"Magazin\",\"item\":\"https:\/\/k2kgame.com\/\"},{\"@type\":\"ListItem\",\"position\":3,\"name\":\"Tunnel Hideout | FiveM Underground Gang Hideout MLO\"}]},{\"@type\":\"WebSite\",\"@id\":\"https:\/\/k2kgame.com\/#website\",\"url\":\"https:\/\/k2kgame.com\/\",\"name\":\"K2KGAME\",\"description\":\"SERVERE SI JOCURI IEFTINE\",\"publisher\":{\"@id\":\"https:\/\/k2kgame.com\/#organization\"},\"potentialAction\":[{\"@type\":\"SearchAction\",\"target\":{\"@type\":\"EntryPoint\",\"urlTemplate\":\"https:\/\/k2kgame.com\/?s={search_term_string}\"},\"query-input\":{\"@type\":\"PropertyValueSpecification\",\"valueRequired\":true,\"valueName\":\"search_term_string\"}}],\"inLanguage\":\"ro-RO\"},{\"@type\":\"Organization\",\"@id\":\"https:\/\/k2kgame.com\/#organization\",\"name\":\"K2KGAME\",\"url\":\"https:\/\/k2kgame.com\/\",\"logo\":{\"@type\":\"ImageObject\",\"inLanguage\":\"ro-RO\",\"@id\":\"https:\/\/k2kgame.com\/#\/schema\/logo\/image\/\",\"url\":\"https:\/\/k2kgame.com\/wp-content\/uploads\/2025\/05\/FiveM-Symbol-scaled.png\",\"contentUrl\":\"https:\/\/k2kgame.com\/wp-content\/uploads\/2025\/05\/FiveM-Symbol-scaled.png\",\"width\":2560,\"height\":1440,\"caption\":\"K2KGAME\"},\"image\":{\"@id\":\"https:\/\/k2kgame.com\/#\/schema\/logo\/image\/\"}}]}<\/script>\n<!-- \/ Yoast SEO plugin. -->","yoast_head_json":{"title":"Tunnel Hideout | FiveM Underground Gang Hideout MLO - K2KGAME","robots":{"index":"index","follow":"follow","max-snippet":"max-snippet:-1","max-image-preview":"max-image-preview:large","max-video-preview":"max-video-preview:-1"},"canonical":"https:\/\/k2kgame.com\/index.php\/produs\/tunnel-hideout-fivem-underground-gang-hideout-mlo\/","og_locale":"ro_RO","og_type":"article","og_title":"Tunnel Hideout | FiveM Underground Gang Hideout MLO - K2KGAME","og_description":"Descriere: brnx_tunnelhideout este un MLO subteran, perfect pentru serverele FiveM care doresc s\u0103 ofere fac\u021biunilor de tip gang, carteluri sau grupuri criminale un spa\u021biu discret \u0219i sigur pentru opera\u021biuni ilegale. Acest tunel ascuns ofer\u0103 un refugiu ideal pentru \u00eent\u00e2lniri secrete, depozitare de bunuri \u0219i planuri strategice. \ud83c\udf11 Design detaliat cu coridoare, camere de stocare \u0219i [&hellip;]","og_url":"https:\/\/k2kgame.com\/index.php\/produs\/tunnel-hideout-fivem-underground-gang-hideout-mlo\/","og_site_name":"K2KGAME","article_modified_time":"2025-12-26T00:07:42+00:00","og_image":[{"width":300,"height":168,"url":"https:\/\/k2kgame.com\/wp-content\/uploads\/2025\/08\/brnx_tunnelhideout1.jpeg","type":"image\/jpeg"}],"twitter_card":"summary_large_image","twitter_misc":{"Timp estimat pentru citire":"1 minut"},"schema":{"@context":"https:\/\/schema.org","@graph":[{"@type":"WebPage","@id":"https:\/\/k2kgame.com\/index.php\/produs\/tunnel-hideout-fivem-underground-gang-hideout-mlo\/","url":"https:\/\/k2kgame.com\/index.php\/produs\/tunnel-hideout-fivem-underground-gang-hideout-mlo\/","name":"Tunnel Hideout | FiveM Underground Gang Hideout MLO - K2KGAME","isPartOf":{"@id":"https:\/\/k2kgame.com\/#website"},"primaryImageOfPage":{"@id":"https:\/\/k2kgame.com\/index.php\/produs\/tunnel-hideout-fivem-underground-gang-hideout-mlo\/#primaryimage"},"image":{"@id":"https:\/\/k2kgame.com\/index.php\/produs\/tunnel-hideout-fivem-underground-gang-hideout-mlo\/#primaryimage"},"thumbnailUrl":"https:\/\/k2kgame.com\/wp-content\/uploads\/2025\/08\/brnx_tunnelhideout1.jpeg","datePublished":"2025-08-06T17:59:20+00:00","dateModified":"2025-12-26T00:07:42+00:00","breadcrumb":{"@id":"https:\/\/k2kgame.com\/index.php\/produs\/tunnel-hideout-fivem-underground-gang-hideout-mlo\/#breadcrumb"},"inLanguage":"ro-RO","potentialAction":[{"@type":"ReadAction","target":["https:\/\/k2kgame.com\/index.php\/produs\/tunnel-hideout-fivem-underground-gang-hideout-mlo\/"]}]},{"@type":"ImageObject","inLanguage":"ro-RO","@id":"https:\/\/k2kgame.com\/index.php\/produs\/tunnel-hideout-fivem-underground-gang-hideout-mlo\/#primaryimage","url":"https:\/\/k2kgame.com\/wp-content\/uploads\/2025\/08\/brnx_tunnelhideout1.jpeg","contentUrl":"https:\/\/k2kgame.com\/wp-content\/uploads\/2025\/08\/brnx_tunnelhideout1.jpeg","width":300,"height":168},{"@type":"BreadcrumbList","@id":"https:\/\/k2kgame.com\/index.php\/produs\/tunnel-hideout-fivem-underground-gang-hideout-mlo\/#breadcrumb","itemListElement":[{"@type":"ListItem","position":1,"name":"Prima pagin\u0103","item":"https:\/\/k2kgame.com\/"},{"@type":"ListItem","position":2,"name":"Magazin","item":"https:\/\/k2kgame.com\/"},{"@type":"ListItem","position":3,"name":"Tunnel Hideout | FiveM Underground Gang Hideout MLO"}]},{"@type":"WebSite","@id":"https:\/\/k2kgame.com\/#website","url":"https:\/\/k2kgame.com\/","name":"K2KGAME","description":"SERVERE SI JOCURI IEFTINE","publisher":{"@id":"https:\/\/k2kgame.com\/#organization"},"potentialAction":[{"@type":"SearchAction","target":{"@type":"EntryPoint","urlTemplate":"https:\/\/k2kgame.com\/?s={search_term_string}"},"query-input":{"@type":"PropertyValueSpecification","valueRequired":true,"valueName":"search_term_string"}}],"inLanguage":"ro-RO"},{"@type":"Organization","@id":"https:\/\/k2kgame.com\/#organization","name":"K2KGAME","url":"https:\/\/k2kgame.com\/","logo":{"@type":"ImageObject","inLanguage":"ro-RO","@id":"https:\/\/k2kgame.com\/#\/schema\/logo\/image\/","url":"https:\/\/k2kgame.com\/wp-content\/uploads\/2025\/05\/FiveM-Symbol-scaled.png","contentUrl":"https:\/\/k2kgame.com\/wp-content\/uploads\/2025\/05\/FiveM-Symbol-scaled.png","width":2560,"height":1440,"caption":"K2KGAME"},"image":{"@id":"https:\/\/k2kgame.com\/#\/schema\/logo\/image\/"}}]}},"jetpack_sharing_enabled":true,"_links":{"self":[{"href":"https:\/\/k2kgame.com\/index.php\/wp-json\/wp\/v2\/product\/484","targetHints":{"allow":["GET"]}}],"collection":[{"href":"https:\/\/k2kgame.com\/index.php\/wp-json\/wp\/v2\/product"}],"about":[{"href":"https:\/\/k2kgame.com\/index.php\/wp-json\/wp\/v2\/types\/product"}],"replies":[{"embeddable":true,"href":"https:\/\/k2kgame.com\/index.php\/wp-json\/wp\/v2\/comments?post=484"}],"wp:featuredmedia":[{"embeddable":true,"href":"https:\/\/k2kgame.com\/index.php\/wp-json\/wp\/v2\/media\/485"}],"wp:attachment":[{"href":"https:\/\/k2kgame.com\/index.php\/wp-json\/wp\/v2\/media?parent=484"}],"wp:term":[{"taxonomy":"product_brand","embeddable":true,"href":"https:\/\/k2kgame.com\/index.php\/wp-json\/wp\/v2\/product_brand?post=484"},{"taxonomy":"product_cat","embeddable":true,"href":"https:\/\/k2kgame.com\/index.php\/wp-json\/wp\/v2\/product_cat?post=484"},{"taxonomy":"product_tag","embeddable":true,"href":"https:\/\/k2kgame.com\/index.php\/wp-json\/wp\/v2\/product_tag?post=484"}],"curies":[{"name":"wp","href":"https:\/\/api.w.org\/{rel}","templated":true}]}}