{"id":476,"date":"2025-08-06T17:53:20","date_gmt":"2025-08-06T17:53:20","guid":{"rendered":"https:\/\/k2kgame.com\/?post_type=product&#038;p=476"},"modified":"2025-12-26T00:07:42","modified_gmt":"2025-12-26T00:07:42","slug":"casino-interior-fivem-luxury-casino-mlo","status":"publish","type":"product","link":"https:\/\/k2kgame.com\/index.php\/produs\/casino-interior-fivem-luxury-casino-mlo\/","title":{"rendered":"Casino Interior | Five MPLuxury Casino MLO"},"content":{"rendered":"<h4 data-start=\"312\" data-end=\"329\">Descriere:<\/h4>\n<p data-start=\"330\" data-end=\"617\"><strong data-start=\"330\" data-end=\"348\">CasinoInterior<\/strong> este un mapping interior premium pentru un cazinou elegant, ideal pentru servere FiveM care vor s\u0103 ofere juc\u0103torilor o experien\u021b\u0103 de joc de noroc autentic\u0103 \u0219i atmosfer\u0103 vibrant\u0103. Perfect pentru roleplay cu cazinouri, petreceri exclusive sau activit\u0103\u021bi de tip business.<\/p>\n<p data-start=\"619\" data-end=\"948\">\ud83c\udccf Zon\u0103 de jocuri: mese de poker, rulet\u0103, slot machines \u0219i blackjack<br data-start=\"687\" data-end=\"690\" \/>\ud83c\udfb5 Design modern cu iluminare ambiental\u0103, ecrane LED \u0219i decor sofisticat<br data-start=\"762\" data-end=\"765\" \/>\ud83d\udcb5 Birouri pentru management, camere private VIP \u0219i baruri luxoase<br data-start=\"831\" data-end=\"834\" \/>\ud83c\udfa4 Spa\u021biu pentru entertainment live sau DJ<br data-start=\"876\" data-end=\"879\" \/>\u2699\ufe0f Optimizat pentru performan\u021b\u0103, f\u0103r\u0103 probleme de coliziune sau lag<\/p>\n","protected":false},"excerpt":{"rendered":"<p>Descriere: CasinoInterior este un mapping interior premium pentru un cazinou elegant, ideal pentru servere FiveM care vor s\u0103 ofere juc\u0103torilor o experien\u021b\u0103 de joc de noroc autentic\u0103 \u0219i atmosfer\u0103 vibrant\u0103. Perfect pentru roleplay cu cazinouri, petreceri exclusive sau activit\u0103\u021bi de tip business. \ud83c\udccf Zon\u0103 de jocuri: mese de poker, rulet\u0103, slot machines \u0219i blackjack\ud83c\udfb5 Design [&hellip;]<\/p>\n","protected":false},"featured_media":477,"comment_status":"open","ping_status":"closed","template":"","meta":[],"product_brand":[],"product_cat":[79],"product_tag":[96,97,98,95],"class_list":{"0":"post-476","1":"product","2":"type-product","3":"status-publish","4":"has-post-thumbnail","6":"product_cat-mapping-fivem","7":"product_tag-casino","8":"product_tag-cazino","9":"product_tag-fivem-cazino","10":"product_tag-mapping-cazino","12":"first","13":"instock","14":"shipping-taxable","15":"purchasable","16":"product-type-simple"},"yoast_head":"<!-- This site is optimized with the Yoast SEO plugin v25.5 - https:\/\/yoast.com\/wordpress\/plugins\/seo\/ -->\n<title>Casino Interior | Five MPLuxury Casino MLO - K2KGAME<\/title>\n<meta name=\"robots\" content=\"index, follow, max-snippet:-1, max-image-preview:large, max-video-preview:-1\" \/>\n<link rel=\"canonical\" href=\"https:\/\/k2kgame.com\/index.php\/produs\/casino-interior-fivem-luxury-casino-mlo\/\" \/>\n<meta property=\"og:locale\" content=\"ro_RO\" \/>\n<meta property=\"og:type\" content=\"article\" \/>\n<meta property=\"og:title\" content=\"Casino Interior | Five MPLuxury Casino MLO - K2KGAME\" \/>\n<meta property=\"og:description\" content=\"Descriere: CasinoInterior este un mapping interior premium pentru un cazinou elegant, ideal pentru servere FiveM care vor s\u0103 ofere juc\u0103torilor o experien\u021b\u0103 de joc de noroc autentic\u0103 \u0219i atmosfer\u0103 vibrant\u0103. Perfect pentru roleplay cu cazinouri, petreceri exclusive sau activit\u0103\u021bi de tip business. \ud83c\udccf Zon\u0103 de jocuri: mese de poker, rulet\u0103, slot machines \u0219i blackjack\ud83c\udfb5 Design [&hellip;]\" \/>\n<meta property=\"og:url\" content=\"https:\/\/k2kgame.com\/index.php\/produs\/casino-interior-fivem-luxury-casino-mlo\/\" \/>\n<meta property=\"og:site_name\" content=\"K2KGAME\" \/>\n<meta property=\"article:modified_time\" content=\"2025-12-26T00:07:42+00:00\" \/>\n<meta property=\"og:image\" content=\"https:\/\/k2kgame.com\/wp-content\/uploads\/2025\/08\/casinointerior1.webp\" \/>\n\t<meta property=\"og:image:width\" content=\"1912\" \/>\n\t<meta property=\"og:image:height\" content=\"1052\" \/>\n\t<meta property=\"og:image:type\" content=\"image\/webp\" \/>\n<meta name=\"twitter:card\" content=\"summary_large_image\" \/>\n<meta name=\"twitter:label1\" content=\"Timp estimat pentru citire\" \/>\n\t<meta name=\"twitter:data1\" content=\"1 minut\" \/>\n<script type=\"application\/ld+json\" class=\"yoast-schema-graph\">{\"@context\":\"https:\/\/schema.org\",\"@graph\":[{\"@type\":\"WebPage\",\"@id\":\"https:\/\/k2kgame.com\/index.php\/produs\/casino-interior-fivem-luxury-casino-mlo\/\",\"url\":\"https:\/\/k2kgame.com\/index.php\/produs\/casino-interior-fivem-luxury-casino-mlo\/\",\"name\":\"Casino Interior | Five MPLuxury Casino MLO - K2KGAME\",\"isPartOf\":{\"@id\":\"https:\/\/k2kgame.com\/#website\"},\"primaryImageOfPage\":{\"@id\":\"https:\/\/k2kgame.com\/index.php\/produs\/casino-interior-fivem-luxury-casino-mlo\/#primaryimage\"},\"image\":{\"@id\":\"https:\/\/k2kgame.com\/index.php\/produs\/casino-interior-fivem-luxury-casino-mlo\/#primaryimage\"},\"thumbnailUrl\":\"https:\/\/k2kgame.com\/wp-content\/uploads\/2025\/08\/casinointerior1.webp\",\"datePublished\":\"2025-08-06T17:53:20+00:00\",\"dateModified\":\"2025-12-26T00:07:42+00:00\",\"breadcrumb\":{\"@id\":\"https:\/\/k2kgame.com\/index.php\/produs\/casino-interior-fivem-luxury-casino-mlo\/#breadcrumb\"},\"inLanguage\":\"ro-RO\",\"potentialAction\":[{\"@type\":\"ReadAction\",\"target\":[\"https:\/\/k2kgame.com\/index.php\/produs\/casino-interior-fivem-luxury-casino-mlo\/\"]}]},{\"@type\":\"ImageObject\",\"inLanguage\":\"ro-RO\",\"@id\":\"https:\/\/k2kgame.com\/index.php\/produs\/casino-interior-fivem-luxury-casino-mlo\/#primaryimage\",\"url\":\"https:\/\/k2kgame.com\/wp-content\/uploads\/2025\/08\/casinointerior1.webp\",\"contentUrl\":\"https:\/\/k2kgame.com\/wp-content\/uploads\/2025\/08\/casinointerior1.webp\",\"width\":1912,\"height\":1052},{\"@type\":\"BreadcrumbList\",\"@id\":\"https:\/\/k2kgame.com\/index.php\/produs\/casino-interior-fivem-luxury-casino-mlo\/#breadcrumb\",\"itemListElement\":[{\"@type\":\"ListItem\",\"position\":1,\"name\":\"Prima pagin\u0103\",\"item\":\"https:\/\/k2kgame.com\/\"},{\"@type\":\"ListItem\",\"position\":2,\"name\":\"Magazin\",\"item\":\"https:\/\/k2kgame.com\/\"},{\"@type\":\"ListItem\",\"position\":3,\"name\":\"Casino Interior | Five MPLuxury Casino MLO\"}]},{\"@type\":\"WebSite\",\"@id\":\"https:\/\/k2kgame.com\/#website\",\"url\":\"https:\/\/k2kgame.com\/\",\"name\":\"K2KGAME\",\"description\":\"SERVERE SI JOCURI IEFTINE\",\"publisher\":{\"@id\":\"https:\/\/k2kgame.com\/#organization\"},\"potentialAction\":[{\"@type\":\"SearchAction\",\"target\":{\"@type\":\"EntryPoint\",\"urlTemplate\":\"https:\/\/k2kgame.com\/?s={search_term_string}\"},\"query-input\":{\"@type\":\"PropertyValueSpecification\",\"valueRequired\":true,\"valueName\":\"search_term_string\"}}],\"inLanguage\":\"ro-RO\"},{\"@type\":\"Organization\",\"@id\":\"https:\/\/k2kgame.com\/#organization\",\"name\":\"K2KGAME\",\"url\":\"https:\/\/k2kgame.com\/\",\"logo\":{\"@type\":\"ImageObject\",\"inLanguage\":\"ro-RO\",\"@id\":\"https:\/\/k2kgame.com\/#\/schema\/logo\/image\/\",\"url\":\"https:\/\/k2kgame.com\/wp-content\/uploads\/2025\/05\/FiveM-Symbol-scaled.png\",\"contentUrl\":\"https:\/\/k2kgame.com\/wp-content\/uploads\/2025\/05\/FiveM-Symbol-scaled.png\",\"width\":2560,\"height\":1440,\"caption\":\"K2KGAME\"},\"image\":{\"@id\":\"https:\/\/k2kgame.com\/#\/schema\/logo\/image\/\"}}]}<\/script>\n<!-- \/ Yoast SEO plugin. -->","yoast_head_json":{"title":"Casino Interior | Five MPLuxury Casino MLO - K2KGAME","robots":{"index":"index","follow":"follow","max-snippet":"max-snippet:-1","max-image-preview":"max-image-preview:large","max-video-preview":"max-video-preview:-1"},"canonical":"https:\/\/k2kgame.com\/index.php\/produs\/casino-interior-fivem-luxury-casino-mlo\/","og_locale":"ro_RO","og_type":"article","og_title":"Casino Interior | Five MPLuxury Casino MLO - K2KGAME","og_description":"Descriere: CasinoInterior este un mapping interior premium pentru un cazinou elegant, ideal pentru servere FiveM care vor s\u0103 ofere juc\u0103torilor o experien\u021b\u0103 de joc de noroc autentic\u0103 \u0219i atmosfer\u0103 vibrant\u0103. Perfect pentru roleplay cu cazinouri, petreceri exclusive sau activit\u0103\u021bi de tip business. \ud83c\udccf Zon\u0103 de jocuri: mese de poker, rulet\u0103, slot machines \u0219i blackjack\ud83c\udfb5 Design [&hellip;]","og_url":"https:\/\/k2kgame.com\/index.php\/produs\/casino-interior-fivem-luxury-casino-mlo\/","og_site_name":"K2KGAME","article_modified_time":"2025-12-26T00:07:42+00:00","og_image":[{"width":1912,"height":1052,"url":"https:\/\/k2kgame.com\/wp-content\/uploads\/2025\/08\/casinointerior1.webp","type":"image\/webp"}],"twitter_card":"summary_large_image","twitter_misc":{"Timp estimat pentru citire":"1 minut"},"schema":{"@context":"https:\/\/schema.org","@graph":[{"@type":"WebPage","@id":"https:\/\/k2kgame.com\/index.php\/produs\/casino-interior-fivem-luxury-casino-mlo\/","url":"https:\/\/k2kgame.com\/index.php\/produs\/casino-interior-fivem-luxury-casino-mlo\/","name":"Casino Interior | Five MPLuxury Casino MLO - K2KGAME","isPartOf":{"@id":"https:\/\/k2kgame.com\/#website"},"primaryImageOfPage":{"@id":"https:\/\/k2kgame.com\/index.php\/produs\/casino-interior-fivem-luxury-casino-mlo\/#primaryimage"},"image":{"@id":"https:\/\/k2kgame.com\/index.php\/produs\/casino-interior-fivem-luxury-casino-mlo\/#primaryimage"},"thumbnailUrl":"https:\/\/k2kgame.com\/wp-content\/uploads\/2025\/08\/casinointerior1.webp","datePublished":"2025-08-06T17:53:20+00:00","dateModified":"2025-12-26T00:07:42+00:00","breadcrumb":{"@id":"https:\/\/k2kgame.com\/index.php\/produs\/casino-interior-fivem-luxury-casino-mlo\/#breadcrumb"},"inLanguage":"ro-RO","potentialAction":[{"@type":"ReadAction","target":["https:\/\/k2kgame.com\/index.php\/produs\/casino-interior-fivem-luxury-casino-mlo\/"]}]},{"@type":"ImageObject","inLanguage":"ro-RO","@id":"https:\/\/k2kgame.com\/index.php\/produs\/casino-interior-fivem-luxury-casino-mlo\/#primaryimage","url":"https:\/\/k2kgame.com\/wp-content\/uploads\/2025\/08\/casinointerior1.webp","contentUrl":"https:\/\/k2kgame.com\/wp-content\/uploads\/2025\/08\/casinointerior1.webp","width":1912,"height":1052},{"@type":"BreadcrumbList","@id":"https:\/\/k2kgame.com\/index.php\/produs\/casino-interior-fivem-luxury-casino-mlo\/#breadcrumb","itemListElement":[{"@type":"ListItem","position":1,"name":"Prima pagin\u0103","item":"https:\/\/k2kgame.com\/"},{"@type":"ListItem","position":2,"name":"Magazin","item":"https:\/\/k2kgame.com\/"},{"@type":"ListItem","position":3,"name":"Casino Interior | Five MPLuxury Casino MLO"}]},{"@type":"WebSite","@id":"https:\/\/k2kgame.com\/#website","url":"https:\/\/k2kgame.com\/","name":"K2KGAME","description":"SERVERE SI JOCURI IEFTINE","publisher":{"@id":"https:\/\/k2kgame.com\/#organization"},"potentialAction":[{"@type":"SearchAction","target":{"@type":"EntryPoint","urlTemplate":"https:\/\/k2kgame.com\/?s={search_term_string}"},"query-input":{"@type":"PropertyValueSpecification","valueRequired":true,"valueName":"search_term_string"}}],"inLanguage":"ro-RO"},{"@type":"Organization","@id":"https:\/\/k2kgame.com\/#organization","name":"K2KGAME","url":"https:\/\/k2kgame.com\/","logo":{"@type":"ImageObject","inLanguage":"ro-RO","@id":"https:\/\/k2kgame.com\/#\/schema\/logo\/image\/","url":"https:\/\/k2kgame.com\/wp-content\/uploads\/2025\/05\/FiveM-Symbol-scaled.png","contentUrl":"https:\/\/k2kgame.com\/wp-content\/uploads\/2025\/05\/FiveM-Symbol-scaled.png","width":2560,"height":1440,"caption":"K2KGAME"},"image":{"@id":"https:\/\/k2kgame.com\/#\/schema\/logo\/image\/"}}]}},"jetpack_sharing_enabled":true,"_links":{"self":[{"href":"https:\/\/k2kgame.com\/index.php\/wp-json\/wp\/v2\/product\/476","targetHints":{"allow":["GET"]}}],"collection":[{"href":"https:\/\/k2kgame.com\/index.php\/wp-json\/wp\/v2\/product"}],"about":[{"href":"https:\/\/k2kgame.com\/index.php\/wp-json\/wp\/v2\/types\/product"}],"replies":[{"embeddable":true,"href":"https:\/\/k2kgame.com\/index.php\/wp-json\/wp\/v2\/comments?post=476"}],"wp:featuredmedia":[{"embeddable":true,"href":"https:\/\/k2kgame.com\/index.php\/wp-json\/wp\/v2\/media\/477"}],"wp:attachment":[{"href":"https:\/\/k2kgame.com\/index.php\/wp-json\/wp\/v2\/media?parent=476"}],"wp:term":[{"taxonomy":"product_brand","embeddable":true,"href":"https:\/\/k2kgame.com\/index.php\/wp-json\/wp\/v2\/product_brand?post=476"},{"taxonomy":"product_cat","embeddable":true,"href":"https:\/\/k2kgame.com\/index.php\/wp-json\/wp\/v2\/product_cat?post=476"},{"taxonomy":"product_tag","embeddable":true,"href":"https:\/\/k2kgame.com\/index.php\/wp-json\/wp\/v2\/product_tag?post=476"}],"curies":[{"name":"wp","href":"https:\/\/api.w.org\/{rel}","templated":true}]}}