{"id":472,"date":"2025-08-06T17:52:06","date_gmt":"2025-08-06T17:52:06","guid":{"rendered":"https:\/\/k2kgame.com\/?post_type=product&#038;p=472"},"modified":"2025-12-26T00:07:42","modified_gmt":"2025-12-26T00:07:42","slug":"designer-house-fivem-luxury-villa-mlo","status":"publish","type":"product","link":"https:\/\/k2kgame.com\/index.php\/produs\/designer-house-fivem-luxury-villa-mlo\/","title":{"rendered":"Designer House | Five MP Luxury Villa MLO"},"content":{"rendered":"<h4 data-start=\"321\" data-end=\"338\">Descriere:<\/h4>\n<p data-start=\"339\" data-end=\"615\"><strong data-start=\"339\" data-end=\"357\">Designer_House<\/strong> este o vil\u0103 de lux complet mobilat\u0103, ideal\u0103 pentru juc\u0103tori care caut\u0103 un stil de via\u021b\u0103 high-end. Cu un design modern, priveli\u0219ti spectaculoase \u0219i detalii arhitecturale premium, acest MLO este perfect pentru roleplay ca milionar, influencer, mafiot sau CEO.<\/p>\n<p data-start=\"617\" data-end=\"1009\">\u2728 Design elegant \u0219i minimalist \u2013 stil arhitectur\u0103 contemporan\u0103<br data-start=\"679\" data-end=\"682\" \/>\ud83d\udecb\ufe0f Interior complet: living spa\u021bios, dormitor matrimonial, baie, buc\u0103t\u0103rie, birou<br data-start=\"764\" data-end=\"767\" \/>\ud83c\udf07 Teras\u0103 cu piscin\u0103 \u0219i vedere panoramic\u0103 \u2013 perfect\u0103 pentru petreceri sau relaxare<br data-start=\"849\" data-end=\"852\" \/>\ud83d\ude97 Garaj generos pentru ma\u0219ini de lux<br data-start=\"889\" data-end=\"892\" \/>\ud83d\udee1\ufe0f Loca\u021bie privat\u0103, ideal\u0103 pentru protec\u021bie \u0219i discre\u021bie<br data-start=\"949\" data-end=\"952\" \/>\u2699\ufe0f Optimizare bun\u0103 \u2013 f\u0103r\u0103 probleme de coliziuni sau FPS<\/p>\n","protected":false},"excerpt":{"rendered":"<p>Descriere: Designer_House este o vil\u0103 de lux complet mobilat\u0103, ideal\u0103 pentru juc\u0103tori care caut\u0103 un stil de via\u021b\u0103 high-end. Cu un design modern, priveli\u0219ti spectaculoase \u0219i detalii arhitecturale premium, acest MLO este perfect pentru roleplay ca milionar, influencer, mafiot sau CEO. \u2728 Design elegant \u0219i minimalist \u2013 stil arhitectur\u0103 contemporan\u0103\ud83d\udecb\ufe0f Interior complet: living spa\u021bios, dormitor [&hellip;]<\/p>\n","protected":false},"featured_media":475,"comment_status":"open","ping_status":"closed","template":"","meta":[],"product_brand":[],"product_cat":[79],"product_tag":[86,85],"class_list":{"0":"post-472","1":"product","2":"type-product","3":"status-publish","4":"has-post-thumbnail","6":"product_cat-mapping-fivem","7":"product_tag-mapping-fivem","8":"product_tag-vila","10":"first","11":"instock","12":"shipping-taxable","13":"purchasable","14":"product-type-simple"},"yoast_head":"<!-- This site is optimized with the Yoast SEO plugin v25.5 - https:\/\/yoast.com\/wordpress\/plugins\/seo\/ -->\n<title>Designer House | Five MP Luxury Villa MLO - K2KGAME<\/title>\n<meta name=\"robots\" content=\"index, follow, max-snippet:-1, max-image-preview:large, max-video-preview:-1\" \/>\n<link rel=\"canonical\" href=\"https:\/\/k2kgame.com\/index.php\/produs\/designer-house-fivem-luxury-villa-mlo\/\" \/>\n<meta property=\"og:locale\" content=\"ro_RO\" \/>\n<meta property=\"og:type\" content=\"article\" \/>\n<meta property=\"og:title\" content=\"Designer House | Five MP Luxury Villa MLO - K2KGAME\" \/>\n<meta property=\"og:description\" content=\"Descriere: Designer_House este o vil\u0103 de lux complet mobilat\u0103, ideal\u0103 pentru juc\u0103tori care caut\u0103 un stil de via\u021b\u0103 high-end. Cu un design modern, priveli\u0219ti spectaculoase \u0219i detalii arhitecturale premium, acest MLO este perfect pentru roleplay ca milionar, influencer, mafiot sau CEO. \u2728 Design elegant \u0219i minimalist \u2013 stil arhitectur\u0103 contemporan\u0103\ud83d\udecb\ufe0f Interior complet: living spa\u021bios, dormitor [&hellip;]\" \/>\n<meta property=\"og:url\" content=\"https:\/\/k2kgame.com\/index.php\/produs\/designer-house-fivem-luxury-villa-mlo\/\" \/>\n<meta property=\"og:site_name\" content=\"K2KGAME\" \/>\n<meta property=\"article:modified_time\" content=\"2025-12-26T00:07:42+00:00\" \/>\n<meta property=\"og:image\" content=\"https:\/\/k2kgame.com\/wp-content\/uploads\/2025\/08\/designer_house3.webp\" \/>\n\t<meta property=\"og:image:width\" content=\"1920\" \/>\n\t<meta property=\"og:image:height\" content=\"1080\" \/>\n\t<meta property=\"og:image:type\" content=\"image\/webp\" \/>\n<meta name=\"twitter:card\" content=\"summary_large_image\" \/>\n<meta name=\"twitter:label1\" content=\"Timp estimat pentru citire\" \/>\n\t<meta name=\"twitter:data1\" content=\"1 minut\" \/>\n<script type=\"application\/ld+json\" class=\"yoast-schema-graph\">{\"@context\":\"https:\/\/schema.org\",\"@graph\":[{\"@type\":\"WebPage\",\"@id\":\"https:\/\/k2kgame.com\/index.php\/produs\/designer-house-fivem-luxury-villa-mlo\/\",\"url\":\"https:\/\/k2kgame.com\/index.php\/produs\/designer-house-fivem-luxury-villa-mlo\/\",\"name\":\"Designer House | Five MP Luxury Villa MLO - K2KGAME\",\"isPartOf\":{\"@id\":\"https:\/\/k2kgame.com\/#website\"},\"primaryImageOfPage\":{\"@id\":\"https:\/\/k2kgame.com\/index.php\/produs\/designer-house-fivem-luxury-villa-mlo\/#primaryimage\"},\"image\":{\"@id\":\"https:\/\/k2kgame.com\/index.php\/produs\/designer-house-fivem-luxury-villa-mlo\/#primaryimage\"},\"thumbnailUrl\":\"https:\/\/k2kgame.com\/wp-content\/uploads\/2025\/08\/designer_house3.webp\",\"datePublished\":\"2025-08-06T17:52:06+00:00\",\"dateModified\":\"2025-12-26T00:07:42+00:00\",\"breadcrumb\":{\"@id\":\"https:\/\/k2kgame.com\/index.php\/produs\/designer-house-fivem-luxury-villa-mlo\/#breadcrumb\"},\"inLanguage\":\"ro-RO\",\"potentialAction\":[{\"@type\":\"ReadAction\",\"target\":[\"https:\/\/k2kgame.com\/index.php\/produs\/designer-house-fivem-luxury-villa-mlo\/\"]}]},{\"@type\":\"ImageObject\",\"inLanguage\":\"ro-RO\",\"@id\":\"https:\/\/k2kgame.com\/index.php\/produs\/designer-house-fivem-luxury-villa-mlo\/#primaryimage\",\"url\":\"https:\/\/k2kgame.com\/wp-content\/uploads\/2025\/08\/designer_house3.webp\",\"contentUrl\":\"https:\/\/k2kgame.com\/wp-content\/uploads\/2025\/08\/designer_house3.webp\",\"width\":1920,\"height\":1080},{\"@type\":\"BreadcrumbList\",\"@id\":\"https:\/\/k2kgame.com\/index.php\/produs\/designer-house-fivem-luxury-villa-mlo\/#breadcrumb\",\"itemListElement\":[{\"@type\":\"ListItem\",\"position\":1,\"name\":\"Prima pagin\u0103\",\"item\":\"https:\/\/k2kgame.com\/\"},{\"@type\":\"ListItem\",\"position\":2,\"name\":\"Magazin\",\"item\":\"https:\/\/k2kgame.com\/\"},{\"@type\":\"ListItem\",\"position\":3,\"name\":\"Designer House | Five MP Luxury Villa MLO\"}]},{\"@type\":\"WebSite\",\"@id\":\"https:\/\/k2kgame.com\/#website\",\"url\":\"https:\/\/k2kgame.com\/\",\"name\":\"K2KGAME\",\"description\":\"SERVERE SI JOCURI IEFTINE\",\"publisher\":{\"@id\":\"https:\/\/k2kgame.com\/#organization\"},\"potentialAction\":[{\"@type\":\"SearchAction\",\"target\":{\"@type\":\"EntryPoint\",\"urlTemplate\":\"https:\/\/k2kgame.com\/?s={search_term_string}\"},\"query-input\":{\"@type\":\"PropertyValueSpecification\",\"valueRequired\":true,\"valueName\":\"search_term_string\"}}],\"inLanguage\":\"ro-RO\"},{\"@type\":\"Organization\",\"@id\":\"https:\/\/k2kgame.com\/#organization\",\"name\":\"K2KGAME\",\"url\":\"https:\/\/k2kgame.com\/\",\"logo\":{\"@type\":\"ImageObject\",\"inLanguage\":\"ro-RO\",\"@id\":\"https:\/\/k2kgame.com\/#\/schema\/logo\/image\/\",\"url\":\"https:\/\/k2kgame.com\/wp-content\/uploads\/2025\/05\/FiveM-Symbol-scaled.png\",\"contentUrl\":\"https:\/\/k2kgame.com\/wp-content\/uploads\/2025\/05\/FiveM-Symbol-scaled.png\",\"width\":2560,\"height\":1440,\"caption\":\"K2KGAME\"},\"image\":{\"@id\":\"https:\/\/k2kgame.com\/#\/schema\/logo\/image\/\"}}]}<\/script>\n<!-- \/ Yoast SEO plugin. -->","yoast_head_json":{"title":"Designer House | Five MP Luxury Villa MLO - K2KGAME","robots":{"index":"index","follow":"follow","max-snippet":"max-snippet:-1","max-image-preview":"max-image-preview:large","max-video-preview":"max-video-preview:-1"},"canonical":"https:\/\/k2kgame.com\/index.php\/produs\/designer-house-fivem-luxury-villa-mlo\/","og_locale":"ro_RO","og_type":"article","og_title":"Designer House | Five MP Luxury Villa MLO - K2KGAME","og_description":"Descriere: Designer_House este o vil\u0103 de lux complet mobilat\u0103, ideal\u0103 pentru juc\u0103tori care caut\u0103 un stil de via\u021b\u0103 high-end. Cu un design modern, priveli\u0219ti spectaculoase \u0219i detalii arhitecturale premium, acest MLO este perfect pentru roleplay ca milionar, influencer, mafiot sau CEO. \u2728 Design elegant \u0219i minimalist \u2013 stil arhitectur\u0103 contemporan\u0103\ud83d\udecb\ufe0f Interior complet: living spa\u021bios, dormitor [&hellip;]","og_url":"https:\/\/k2kgame.com\/index.php\/produs\/designer-house-fivem-luxury-villa-mlo\/","og_site_name":"K2KGAME","article_modified_time":"2025-12-26T00:07:42+00:00","og_image":[{"width":1920,"height":1080,"url":"https:\/\/k2kgame.com\/wp-content\/uploads\/2025\/08\/designer_house3.webp","type":"image\/webp"}],"twitter_card":"summary_large_image","twitter_misc":{"Timp estimat pentru citire":"1 minut"},"schema":{"@context":"https:\/\/schema.org","@graph":[{"@type":"WebPage","@id":"https:\/\/k2kgame.com\/index.php\/produs\/designer-house-fivem-luxury-villa-mlo\/","url":"https:\/\/k2kgame.com\/index.php\/produs\/designer-house-fivem-luxury-villa-mlo\/","name":"Designer House | Five MP Luxury Villa MLO - K2KGAME","isPartOf":{"@id":"https:\/\/k2kgame.com\/#website"},"primaryImageOfPage":{"@id":"https:\/\/k2kgame.com\/index.php\/produs\/designer-house-fivem-luxury-villa-mlo\/#primaryimage"},"image":{"@id":"https:\/\/k2kgame.com\/index.php\/produs\/designer-house-fivem-luxury-villa-mlo\/#primaryimage"},"thumbnailUrl":"https:\/\/k2kgame.com\/wp-content\/uploads\/2025\/08\/designer_house3.webp","datePublished":"2025-08-06T17:52:06+00:00","dateModified":"2025-12-26T00:07:42+00:00","breadcrumb":{"@id":"https:\/\/k2kgame.com\/index.php\/produs\/designer-house-fivem-luxury-villa-mlo\/#breadcrumb"},"inLanguage":"ro-RO","potentialAction":[{"@type":"ReadAction","target":["https:\/\/k2kgame.com\/index.php\/produs\/designer-house-fivem-luxury-villa-mlo\/"]}]},{"@type":"ImageObject","inLanguage":"ro-RO","@id":"https:\/\/k2kgame.com\/index.php\/produs\/designer-house-fivem-luxury-villa-mlo\/#primaryimage","url":"https:\/\/k2kgame.com\/wp-content\/uploads\/2025\/08\/designer_house3.webp","contentUrl":"https:\/\/k2kgame.com\/wp-content\/uploads\/2025\/08\/designer_house3.webp","width":1920,"height":1080},{"@type":"BreadcrumbList","@id":"https:\/\/k2kgame.com\/index.php\/produs\/designer-house-fivem-luxury-villa-mlo\/#breadcrumb","itemListElement":[{"@type":"ListItem","position":1,"name":"Prima pagin\u0103","item":"https:\/\/k2kgame.com\/"},{"@type":"ListItem","position":2,"name":"Magazin","item":"https:\/\/k2kgame.com\/"},{"@type":"ListItem","position":3,"name":"Designer House | Five MP Luxury Villa MLO"}]},{"@type":"WebSite","@id":"https:\/\/k2kgame.com\/#website","url":"https:\/\/k2kgame.com\/","name":"K2KGAME","description":"SERVERE SI JOCURI IEFTINE","publisher":{"@id":"https:\/\/k2kgame.com\/#organization"},"potentialAction":[{"@type":"SearchAction","target":{"@type":"EntryPoint","urlTemplate":"https:\/\/k2kgame.com\/?s={search_term_string}"},"query-input":{"@type":"PropertyValueSpecification","valueRequired":true,"valueName":"search_term_string"}}],"inLanguage":"ro-RO"},{"@type":"Organization","@id":"https:\/\/k2kgame.com\/#organization","name":"K2KGAME","url":"https:\/\/k2kgame.com\/","logo":{"@type":"ImageObject","inLanguage":"ro-RO","@id":"https:\/\/k2kgame.com\/#\/schema\/logo\/image\/","url":"https:\/\/k2kgame.com\/wp-content\/uploads\/2025\/05\/FiveM-Symbol-scaled.png","contentUrl":"https:\/\/k2kgame.com\/wp-content\/uploads\/2025\/05\/FiveM-Symbol-scaled.png","width":2560,"height":1440,"caption":"K2KGAME"},"image":{"@id":"https:\/\/k2kgame.com\/#\/schema\/logo\/image\/"}}]}},"jetpack_sharing_enabled":true,"_links":{"self":[{"href":"https:\/\/k2kgame.com\/index.php\/wp-json\/wp\/v2\/product\/472","targetHints":{"allow":["GET"]}}],"collection":[{"href":"https:\/\/k2kgame.com\/index.php\/wp-json\/wp\/v2\/product"}],"about":[{"href":"https:\/\/k2kgame.com\/index.php\/wp-json\/wp\/v2\/types\/product"}],"replies":[{"embeddable":true,"href":"https:\/\/k2kgame.com\/index.php\/wp-json\/wp\/v2\/comments?post=472"}],"wp:featuredmedia":[{"embeddable":true,"href":"https:\/\/k2kgame.com\/index.php\/wp-json\/wp\/v2\/media\/475"}],"wp:attachment":[{"href":"https:\/\/k2kgame.com\/index.php\/wp-json\/wp\/v2\/media?parent=472"}],"wp:term":[{"taxonomy":"product_brand","embeddable":true,"href":"https:\/\/k2kgame.com\/index.php\/wp-json\/wp\/v2\/product_brand?post=472"},{"taxonomy":"product_cat","embeddable":true,"href":"https:\/\/k2kgame.com\/index.php\/wp-json\/wp\/v2\/product_cat?post=472"},{"taxonomy":"product_tag","embeddable":true,"href":"https:\/\/k2kgame.com\/index.php\/wp-json\/wp\/v2\/product_tag?post=472"}],"curies":[{"name":"wp","href":"https:\/\/api.w.org\/{rel}","templated":true}]}}