{"id":441,"date":"2025-08-06T17:35:13","date_gmt":"2025-08-06T17:35:13","guid":{"rendered":"https:\/\/k2kgame.com\/?post_type=product&#038;p=441"},"modified":"2025-12-26T00:07:43","modified_gmt":"2025-12-26T00:07:43","slug":"viceroy-medical-center-fivem-hospital-mlo","status":"publish","type":"product","link":"https:\/\/k2kgame.com\/index.php\/produs\/viceroy-medical-center-fivem-hospital-mlo\/","title":{"rendered":"Viceroy Medical Center | FiveM Hospital MLO"},"content":{"rendered":"<h4 data-start=\"315\" data-end=\"332\">Descriere:<\/h4>\n<p data-start=\"333\" data-end=\"611\"><strong data-start=\"333\" data-end=\"359\">Viceroy Medical Center<\/strong> este un mapping de tip spital, ideal pentru servere roleplay care pun accent pe realism \u0219i calitate. Cu un design modern \u0219i func\u021bional, acest MLO ofer\u0103 tot ce ai nevoie pentru interven\u021bii medicale, roleplay de ambulan\u021b\u0103, doctori, pacien\u021bi sau urgen\u021be.<\/p>\n<p data-start=\"613\" data-end=\"976\">\ud83d\udd39 Interior complet detaliat: s\u0103li de opera\u021bie, camere de gard\u0103, recep\u021bie, saloane<br data-start=\"695\" data-end=\"698\" \/>\ud83d\udd39 Lumin\u0103 ambiental\u0103 realist\u0103 \u0219i texturi de \u00eenalt\u0103 calitate<br data-start=\"757\" data-end=\"760\" \/>\ud83d\udd39 Acces facil pentru ambulan\u021be \u0219i elicoptere (heliport inclus dac\u0103 e cazul)<br data-start=\"836\" data-end=\"839\" \/>\ud83d\udd39 Perfect pentru job-uri EMS, RP medical \u0219i interven\u021bii de urgen\u021b\u0103<br data-start=\"906\" data-end=\"909\" \/>\ud83d\udd39 Optimizat pentru performan\u021b\u0103, f\u0103r\u0103 lag sau buguri de coliziune<\/p>\n","protected":false},"excerpt":{"rendered":"<p>Descriere: Viceroy Medical Center este un mapping de tip spital, ideal pentru servere roleplay care pun accent pe realism \u0219i calitate. Cu un design modern \u0219i func\u021bional, acest MLO ofer\u0103 tot ce ai nevoie pentru interven\u021bii medicale, roleplay de ambulan\u021b\u0103, doctori, pacien\u021bi sau urgen\u021be. \ud83d\udd39 Interior complet detaliat: s\u0103li de opera\u021bie, camere de gard\u0103, recep\u021bie, [&hellip;]<\/p>\n","protected":false},"featured_media":442,"comment_status":"open","ping_status":"closed","template":"","meta":[],"product_brand":[],"product_cat":[79],"product_tag":[81,82,84,83,80],"class_list":{"0":"post-441","1":"product","2":"type-product","3":"status-publish","4":"has-post-thumbnail","6":"product_cat-mapping-fivem","7":"product_tag-fivem-mapping","8":"product_tag-mapping","9":"product_tag-mlo","10":"product_tag-politie","11":"product_tag-spital","13":"first","14":"instock","15":"shipping-taxable","16":"purchasable","17":"product-type-simple"},"yoast_head":"<!-- This site is optimized with the Yoast SEO plugin v25.5 - https:\/\/yoast.com\/wordpress\/plugins\/seo\/ -->\n<title>Viceroy Medical Center | FiveM Hospital MLO - K2KGAME<\/title>\n<meta name=\"robots\" content=\"index, follow, max-snippet:-1, max-image-preview:large, max-video-preview:-1\" \/>\n<link rel=\"canonical\" href=\"https:\/\/k2kgame.com\/index.php\/produs\/viceroy-medical-center-fivem-hospital-mlo\/\" \/>\n<meta property=\"og:locale\" content=\"ro_RO\" \/>\n<meta property=\"og:type\" content=\"article\" \/>\n<meta property=\"og:title\" content=\"Viceroy Medical Center | FiveM Hospital MLO - K2KGAME\" \/>\n<meta property=\"og:description\" content=\"Descriere: Viceroy Medical Center este un mapping de tip spital, ideal pentru servere roleplay care pun accent pe realism \u0219i calitate. Cu un design modern \u0219i func\u021bional, acest MLO ofer\u0103 tot ce ai nevoie pentru interven\u021bii medicale, roleplay de ambulan\u021b\u0103, doctori, pacien\u021bi sau urgen\u021be. \ud83d\udd39 Interior complet detaliat: s\u0103li de opera\u021bie, camere de gard\u0103, recep\u021bie, [&hellip;]\" \/>\n<meta property=\"og:url\" content=\"https:\/\/k2kgame.com\/index.php\/produs\/viceroy-medical-center-fivem-hospital-mlo\/\" \/>\n<meta property=\"og:site_name\" content=\"K2KGAME\" \/>\n<meta property=\"article:modified_time\" content=\"2025-12-26T00:07:43+00:00\" \/>\n<meta property=\"og:image\" content=\"https:\/\/k2kgame.com\/wp-content\/uploads\/2025\/08\/viceroy2.jpg\" \/>\n\t<meta property=\"og:image:width\" content=\"1920\" \/>\n\t<meta property=\"og:image:height\" content=\"1080\" \/>\n\t<meta property=\"og:image:type\" content=\"image\/jpeg\" \/>\n<meta name=\"twitter:card\" content=\"summary_large_image\" \/>\n<meta name=\"twitter:label1\" content=\"Timp estimat pentru citire\" \/>\n\t<meta name=\"twitter:data1\" content=\"1 minut\" \/>\n<script type=\"application\/ld+json\" class=\"yoast-schema-graph\">{\"@context\":\"https:\/\/schema.org\",\"@graph\":[{\"@type\":\"WebPage\",\"@id\":\"https:\/\/k2kgame.com\/index.php\/produs\/viceroy-medical-center-fivem-hospital-mlo\/\",\"url\":\"https:\/\/k2kgame.com\/index.php\/produs\/viceroy-medical-center-fivem-hospital-mlo\/\",\"name\":\"Viceroy Medical Center | FiveM Hospital MLO - K2KGAME\",\"isPartOf\":{\"@id\":\"https:\/\/k2kgame.com\/#website\"},\"primaryImageOfPage\":{\"@id\":\"https:\/\/k2kgame.com\/index.php\/produs\/viceroy-medical-center-fivem-hospital-mlo\/#primaryimage\"},\"image\":{\"@id\":\"https:\/\/k2kgame.com\/index.php\/produs\/viceroy-medical-center-fivem-hospital-mlo\/#primaryimage\"},\"thumbnailUrl\":\"https:\/\/k2kgame.com\/wp-content\/uploads\/2025\/08\/viceroy2.jpg\",\"datePublished\":\"2025-08-06T17:35:13+00:00\",\"dateModified\":\"2025-12-26T00:07:43+00:00\",\"breadcrumb\":{\"@id\":\"https:\/\/k2kgame.com\/index.php\/produs\/viceroy-medical-center-fivem-hospital-mlo\/#breadcrumb\"},\"inLanguage\":\"ro-RO\",\"potentialAction\":[{\"@type\":\"ReadAction\",\"target\":[\"https:\/\/k2kgame.com\/index.php\/produs\/viceroy-medical-center-fivem-hospital-mlo\/\"]}]},{\"@type\":\"ImageObject\",\"inLanguage\":\"ro-RO\",\"@id\":\"https:\/\/k2kgame.com\/index.php\/produs\/viceroy-medical-center-fivem-hospital-mlo\/#primaryimage\",\"url\":\"https:\/\/k2kgame.com\/wp-content\/uploads\/2025\/08\/viceroy2.jpg\",\"contentUrl\":\"https:\/\/k2kgame.com\/wp-content\/uploads\/2025\/08\/viceroy2.jpg\",\"width\":1920,\"height\":1080},{\"@type\":\"BreadcrumbList\",\"@id\":\"https:\/\/k2kgame.com\/index.php\/produs\/viceroy-medical-center-fivem-hospital-mlo\/#breadcrumb\",\"itemListElement\":[{\"@type\":\"ListItem\",\"position\":1,\"name\":\"Prima pagin\u0103\",\"item\":\"https:\/\/k2kgame.com\/\"},{\"@type\":\"ListItem\",\"position\":2,\"name\":\"Magazin\",\"item\":\"https:\/\/k2kgame.com\/\"},{\"@type\":\"ListItem\",\"position\":3,\"name\":\"Viceroy Medical Center | FiveM Hospital MLO\"}]},{\"@type\":\"WebSite\",\"@id\":\"https:\/\/k2kgame.com\/#website\",\"url\":\"https:\/\/k2kgame.com\/\",\"name\":\"K2KGAME\",\"description\":\"SERVERE SI JOCURI IEFTINE\",\"publisher\":{\"@id\":\"https:\/\/k2kgame.com\/#organization\"},\"potentialAction\":[{\"@type\":\"SearchAction\",\"target\":{\"@type\":\"EntryPoint\",\"urlTemplate\":\"https:\/\/k2kgame.com\/?s={search_term_string}\"},\"query-input\":{\"@type\":\"PropertyValueSpecification\",\"valueRequired\":true,\"valueName\":\"search_term_string\"}}],\"inLanguage\":\"ro-RO\"},{\"@type\":\"Organization\",\"@id\":\"https:\/\/k2kgame.com\/#organization\",\"name\":\"K2KGAME\",\"url\":\"https:\/\/k2kgame.com\/\",\"logo\":{\"@type\":\"ImageObject\",\"inLanguage\":\"ro-RO\",\"@id\":\"https:\/\/k2kgame.com\/#\/schema\/logo\/image\/\",\"url\":\"https:\/\/k2kgame.com\/wp-content\/uploads\/2025\/05\/FiveM-Symbol-scaled.png\",\"contentUrl\":\"https:\/\/k2kgame.com\/wp-content\/uploads\/2025\/05\/FiveM-Symbol-scaled.png\",\"width\":2560,\"height\":1440,\"caption\":\"K2KGAME\"},\"image\":{\"@id\":\"https:\/\/k2kgame.com\/#\/schema\/logo\/image\/\"}}]}<\/script>\n<!-- \/ Yoast SEO plugin. -->","yoast_head_json":{"title":"Viceroy Medical Center | FiveM Hospital MLO - K2KGAME","robots":{"index":"index","follow":"follow","max-snippet":"max-snippet:-1","max-image-preview":"max-image-preview:large","max-video-preview":"max-video-preview:-1"},"canonical":"https:\/\/k2kgame.com\/index.php\/produs\/viceroy-medical-center-fivem-hospital-mlo\/","og_locale":"ro_RO","og_type":"article","og_title":"Viceroy Medical Center | FiveM Hospital MLO - K2KGAME","og_description":"Descriere: Viceroy Medical Center este un mapping de tip spital, ideal pentru servere roleplay care pun accent pe realism \u0219i calitate. Cu un design modern \u0219i func\u021bional, acest MLO ofer\u0103 tot ce ai nevoie pentru interven\u021bii medicale, roleplay de ambulan\u021b\u0103, doctori, pacien\u021bi sau urgen\u021be. \ud83d\udd39 Interior complet detaliat: s\u0103li de opera\u021bie, camere de gard\u0103, recep\u021bie, [&hellip;]","og_url":"https:\/\/k2kgame.com\/index.php\/produs\/viceroy-medical-center-fivem-hospital-mlo\/","og_site_name":"K2KGAME","article_modified_time":"2025-12-26T00:07:43+00:00","og_image":[{"width":1920,"height":1080,"url":"https:\/\/k2kgame.com\/wp-content\/uploads\/2025\/08\/viceroy2.jpg","type":"image\/jpeg"}],"twitter_card":"summary_large_image","twitter_misc":{"Timp estimat pentru citire":"1 minut"},"schema":{"@context":"https:\/\/schema.org","@graph":[{"@type":"WebPage","@id":"https:\/\/k2kgame.com\/index.php\/produs\/viceroy-medical-center-fivem-hospital-mlo\/","url":"https:\/\/k2kgame.com\/index.php\/produs\/viceroy-medical-center-fivem-hospital-mlo\/","name":"Viceroy Medical Center | FiveM Hospital MLO - K2KGAME","isPartOf":{"@id":"https:\/\/k2kgame.com\/#website"},"primaryImageOfPage":{"@id":"https:\/\/k2kgame.com\/index.php\/produs\/viceroy-medical-center-fivem-hospital-mlo\/#primaryimage"},"image":{"@id":"https:\/\/k2kgame.com\/index.php\/produs\/viceroy-medical-center-fivem-hospital-mlo\/#primaryimage"},"thumbnailUrl":"https:\/\/k2kgame.com\/wp-content\/uploads\/2025\/08\/viceroy2.jpg","datePublished":"2025-08-06T17:35:13+00:00","dateModified":"2025-12-26T00:07:43+00:00","breadcrumb":{"@id":"https:\/\/k2kgame.com\/index.php\/produs\/viceroy-medical-center-fivem-hospital-mlo\/#breadcrumb"},"inLanguage":"ro-RO","potentialAction":[{"@type":"ReadAction","target":["https:\/\/k2kgame.com\/index.php\/produs\/viceroy-medical-center-fivem-hospital-mlo\/"]}]},{"@type":"ImageObject","inLanguage":"ro-RO","@id":"https:\/\/k2kgame.com\/index.php\/produs\/viceroy-medical-center-fivem-hospital-mlo\/#primaryimage","url":"https:\/\/k2kgame.com\/wp-content\/uploads\/2025\/08\/viceroy2.jpg","contentUrl":"https:\/\/k2kgame.com\/wp-content\/uploads\/2025\/08\/viceroy2.jpg","width":1920,"height":1080},{"@type":"BreadcrumbList","@id":"https:\/\/k2kgame.com\/index.php\/produs\/viceroy-medical-center-fivem-hospital-mlo\/#breadcrumb","itemListElement":[{"@type":"ListItem","position":1,"name":"Prima pagin\u0103","item":"https:\/\/k2kgame.com\/"},{"@type":"ListItem","position":2,"name":"Magazin","item":"https:\/\/k2kgame.com\/"},{"@type":"ListItem","position":3,"name":"Viceroy Medical Center | FiveM Hospital MLO"}]},{"@type":"WebSite","@id":"https:\/\/k2kgame.com\/#website","url":"https:\/\/k2kgame.com\/","name":"K2KGAME","description":"SERVERE SI JOCURI IEFTINE","publisher":{"@id":"https:\/\/k2kgame.com\/#organization"},"potentialAction":[{"@type":"SearchAction","target":{"@type":"EntryPoint","urlTemplate":"https:\/\/k2kgame.com\/?s={search_term_string}"},"query-input":{"@type":"PropertyValueSpecification","valueRequired":true,"valueName":"search_term_string"}}],"inLanguage":"ro-RO"},{"@type":"Organization","@id":"https:\/\/k2kgame.com\/#organization","name":"K2KGAME","url":"https:\/\/k2kgame.com\/","logo":{"@type":"ImageObject","inLanguage":"ro-RO","@id":"https:\/\/k2kgame.com\/#\/schema\/logo\/image\/","url":"https:\/\/k2kgame.com\/wp-content\/uploads\/2025\/05\/FiveM-Symbol-scaled.png","contentUrl":"https:\/\/k2kgame.com\/wp-content\/uploads\/2025\/05\/FiveM-Symbol-scaled.png","width":2560,"height":1440,"caption":"K2KGAME"},"image":{"@id":"https:\/\/k2kgame.com\/#\/schema\/logo\/image\/"}}]}},"jetpack_sharing_enabled":true,"_links":{"self":[{"href":"https:\/\/k2kgame.com\/index.php\/wp-json\/wp\/v2\/product\/441","targetHints":{"allow":["GET"]}}],"collection":[{"href":"https:\/\/k2kgame.com\/index.php\/wp-json\/wp\/v2\/product"}],"about":[{"href":"https:\/\/k2kgame.com\/index.php\/wp-json\/wp\/v2\/types\/product"}],"replies":[{"embeddable":true,"href":"https:\/\/k2kgame.com\/index.php\/wp-json\/wp\/v2\/comments?post=441"}],"wp:featuredmedia":[{"embeddable":true,"href":"https:\/\/k2kgame.com\/index.php\/wp-json\/wp\/v2\/media\/442"}],"wp:attachment":[{"href":"https:\/\/k2kgame.com\/index.php\/wp-json\/wp\/v2\/media?parent=441"}],"wp:term":[{"taxonomy":"product_brand","embeddable":true,"href":"https:\/\/k2kgame.com\/index.php\/wp-json\/wp\/v2\/product_brand?post=441"},{"taxonomy":"product_cat","embeddable":true,"href":"https:\/\/k2kgame.com\/index.php\/wp-json\/wp\/v2\/product_cat?post=441"},{"taxonomy":"product_tag","embeddable":true,"href":"https:\/\/k2kgame.com\/index.php\/wp-json\/wp\/v2\/product_tag?post=441"}],"curies":[{"name":"wp","href":"https:\/\/api.w.org\/{rel}","templated":true}]}}