{"id":214,"date":"2025-06-01T15:18:25","date_gmt":"2025-06-01T15:18:25","guid":{"rendered":"https:\/\/k2kgame.com\/?page_id=214"},"modified":"2025-06-01T15:18:28","modified_gmt":"2025-06-01T15:18:28","slug":"politica-gdpr","status":"publish","type":"page","link":"https:\/\/k2kgame.com\/index.php\/politica-gdpr\/","title":{"rendered":"POLITICA GDPR"},"content":{"rendered":"\n<h3 class=\"wp-block-heading\"> K2KGAME<\/h3>\n\n\n\n<p><strong>Scop:<\/strong><br>Aceast\u0103 politic\u0103 define\u0219te modul \u00een care <strong>K2KGame<\/strong> colecteaz\u0103, folose\u0219te, stocheaz\u0103 \u0219i protejeaz\u0103 datele personale, \u00een conformitate cu Regulamentul General privind Protec\u021bia Datelor (GDPR).<\/p>\n\n\n\n<h4 class=\"wp-block-heading\">Principii GDPR respectate:<\/h4>\n\n\n\n<ol class=\"wp-block-list\">\n<li><strong>Legalitate, echitate \u0219i transparen\u021b\u0103<\/strong><br>Prelucr\u0103m datele legal \u0219i transparent fa\u021b\u0103 de utilizator.<\/li>\n\n\n\n<li><strong>Limitarea scopului<\/strong><br>Datele sunt colectate \u00een scopuri determinate, legitime \u0219i nu sunt prelucrate \u00een mod incompatibil cu aceste scopuri.<\/li>\n\n\n\n<li><strong>Minimizarea datelor<\/strong><br>Colect\u0103m doar datele strict necesare.<\/li>\n\n\n\n<li><strong>Exactitate<\/strong><br>Lu\u0103m m\u0103suri pentru a ne asigura c\u0103 datele sunt corecte \u0219i actualizate.<\/li>\n\n\n\n<li><strong>Limitarea stoc\u0103rii<\/strong><br>Datele nu sunt p\u0103strate mai mult dec\u00e2t este necesar.<\/li>\n\n\n\n<li><strong>Integritate \u0219i confiden\u021bialitate<\/strong><br>Protej\u0103m datele \u00eempotriva accesului neautorizat sau pierderii.<\/li>\n<\/ol>\n\n\n\n<h4 class=\"wp-block-heading\">Ce date prelucr\u0103m?<\/h4>\n\n\n\n<ul class=\"wp-block-list\">\n<li>Nume, prenume, email, adrese IP, date tehnice (dispozitiv, browser)<\/li>\n\n\n\n<li>Orice alt\u0103 informa\u021bie furnizat\u0103 voluntar<\/li>\n<\/ul>\n\n\n\n<h4 class=\"wp-block-heading\">M\u0103suri de securitate:<\/h4>\n\n\n\n<ul class=\"wp-block-list\">\n<li>Stocare securizat\u0103 pe servere criptate<\/li>\n\n\n\n<li>Acces restric\u021bionat doar personalului autorizat<\/li>\n\n\n\n<li>Backup regulat \u0219i protec\u021bie anti-virus<\/li>\n<\/ul>\n\n\n\n<h4 class=\"wp-block-heading\">Transferuri interna\u021bionale:<\/h4>\n\n\n\n<p>Nu transfer\u0103m date \u00een afara UE, cu excep\u021bia cazului \u00een care folosim furnizori cu politici conforme (ex. Google, Mailchimp, etc.)<\/p>\n\n\n\n<h4 class=\"wp-block-heading\">Responsabil cu protec\u021bia datelor:<\/h4>\n\n\n\n<p>Dac\u0103 ai \u00eentreb\u0103ri, ne po\u021bi contacta la:<br>\ud83d\udce7 [egamro86@gmail.com]<\/p>\n","protected":false},"excerpt":{"rendered":"<p>K2KGAME Scop:Aceast\u0103 politic\u0103 define\u0219te modul \u00een care K2KGame colecteaz\u0103, folose\u0219te, stocheaz\u0103 \u0219i protejeaz\u0103 datele personale, \u00een conformitate cu Regulamentul General privind Protec\u021bia Datelor (GDPR). Principii GDPR respectate: Ce date prelucr\u0103m? M\u0103suri de securitate: Transferuri interna\u021bionale: Nu transfer\u0103m date \u00een afara UE, cu excep\u021bia cazului \u00een care folosim furnizori cu politici conforme (ex. Google, Mailchimp, etc.) [&hellip;]<\/p>\n","protected":false},"author":1,"featured_media":0,"parent":0,"menu_order":0,"comment_status":"closed","ping_status":"closed","template":"","meta":{"footnotes":""},"class_list":["post-214","page","type-page","status-publish","hentry"],"yoast_head":"<!-- This site is optimized with the Yoast SEO plugin v25.5 - https:\/\/yoast.com\/wordpress\/plugins\/seo\/ -->\n<title>POLITICA GDPR - K2KGAME<\/title>\n<meta name=\"robots\" content=\"index, follow, max-snippet:-1, max-image-preview:large, max-video-preview:-1\" \/>\n<link rel=\"canonical\" href=\"https:\/\/k2kgame.com\/index.php\/politica-gdpr\/\" \/>\n<meta property=\"og:locale\" content=\"ro_RO\" \/>\n<meta property=\"og:type\" content=\"article\" \/>\n<meta property=\"og:title\" content=\"POLITICA GDPR - K2KGAME\" \/>\n<meta property=\"og:description\" content=\"K2KGAME Scop:Aceast\u0103 politic\u0103 define\u0219te modul \u00een care K2KGame colecteaz\u0103, folose\u0219te, stocheaz\u0103 \u0219i protejeaz\u0103 datele personale, \u00een conformitate cu Regulamentul General privind Protec\u021bia Datelor (GDPR). Principii GDPR respectate: Ce date prelucr\u0103m? M\u0103suri de securitate: Transferuri interna\u021bionale: Nu transfer\u0103m date \u00een afara UE, cu excep\u021bia cazului \u00een care folosim furnizori cu politici conforme (ex. Google, Mailchimp, etc.) [&hellip;]\" \/>\n<meta property=\"og:url\" content=\"https:\/\/k2kgame.com\/index.php\/politica-gdpr\/\" \/>\n<meta property=\"og:site_name\" content=\"K2KGAME\" \/>\n<meta property=\"article:modified_time\" content=\"2025-06-01T15:18:28+00:00\" \/>\n<meta name=\"twitter:card\" content=\"summary_large_image\" \/>\n<meta name=\"twitter:label1\" content=\"Timp estimat pentru citire\" \/>\n\t<meta name=\"twitter:data1\" content=\"1 minut\" \/>\n<script type=\"application\/ld+json\" class=\"yoast-schema-graph\">{\"@context\":\"https:\/\/schema.org\",\"@graph\":[{\"@type\":\"WebPage\",\"@id\":\"https:\/\/k2kgame.com\/index.php\/politica-gdpr\/\",\"url\":\"https:\/\/k2kgame.com\/index.php\/politica-gdpr\/\",\"name\":\"POLITICA GDPR - K2KGAME\",\"isPartOf\":{\"@id\":\"https:\/\/k2kgame.com\/#website\"},\"datePublished\":\"2025-06-01T15:18:25+00:00\",\"dateModified\":\"2025-06-01T15:18:28+00:00\",\"breadcrumb\":{\"@id\":\"https:\/\/k2kgame.com\/index.php\/politica-gdpr\/#breadcrumb\"},\"inLanguage\":\"ro-RO\",\"potentialAction\":[{\"@type\":\"ReadAction\",\"target\":[\"https:\/\/k2kgame.com\/index.php\/politica-gdpr\/\"]}]},{\"@type\":\"BreadcrumbList\",\"@id\":\"https:\/\/k2kgame.com\/index.php\/politica-gdpr\/#breadcrumb\",\"itemListElement\":[{\"@type\":\"ListItem\",\"position\":1,\"name\":\"Prima pagin\u0103\",\"item\":\"https:\/\/k2kgame.com\/\"},{\"@type\":\"ListItem\",\"position\":2,\"name\":\"POLITICA GDPR\"}]},{\"@type\":\"WebSite\",\"@id\":\"https:\/\/k2kgame.com\/#website\",\"url\":\"https:\/\/k2kgame.com\/\",\"name\":\"K2KGAME\",\"description\":\"SERVERE SI JOCURI IEFTINE\",\"publisher\":{\"@id\":\"https:\/\/k2kgame.com\/#organization\"},\"potentialAction\":[{\"@type\":\"SearchAction\",\"target\":{\"@type\":\"EntryPoint\",\"urlTemplate\":\"https:\/\/k2kgame.com\/?s={search_term_string}\"},\"query-input\":{\"@type\":\"PropertyValueSpecification\",\"valueRequired\":true,\"valueName\":\"search_term_string\"}}],\"inLanguage\":\"ro-RO\"},{\"@type\":\"Organization\",\"@id\":\"https:\/\/k2kgame.com\/#organization\",\"name\":\"K2KGAME\",\"url\":\"https:\/\/k2kgame.com\/\",\"logo\":{\"@type\":\"ImageObject\",\"inLanguage\":\"ro-RO\",\"@id\":\"https:\/\/k2kgame.com\/#\/schema\/logo\/image\/\",\"url\":\"https:\/\/k2kgame.com\/wp-content\/uploads\/2025\/05\/FiveM-Symbol-scaled.png\",\"contentUrl\":\"https:\/\/k2kgame.com\/wp-content\/uploads\/2025\/05\/FiveM-Symbol-scaled.png\",\"width\":2560,\"height\":1440,\"caption\":\"K2KGAME\"},\"image\":{\"@id\":\"https:\/\/k2kgame.com\/#\/schema\/logo\/image\/\"}}]}<\/script>\n<!-- \/ Yoast SEO plugin. -->","yoast_head_json":{"title":"POLITICA GDPR - K2KGAME","robots":{"index":"index","follow":"follow","max-snippet":"max-snippet:-1","max-image-preview":"max-image-preview:large","max-video-preview":"max-video-preview:-1"},"canonical":"https:\/\/k2kgame.com\/index.php\/politica-gdpr\/","og_locale":"ro_RO","og_type":"article","og_title":"POLITICA GDPR - K2KGAME","og_description":"K2KGAME Scop:Aceast\u0103 politic\u0103 define\u0219te modul \u00een care K2KGame colecteaz\u0103, folose\u0219te, stocheaz\u0103 \u0219i protejeaz\u0103 datele personale, \u00een conformitate cu Regulamentul General privind Protec\u021bia Datelor (GDPR). Principii GDPR respectate: Ce date prelucr\u0103m? M\u0103suri de securitate: Transferuri interna\u021bionale: Nu transfer\u0103m date \u00een afara UE, cu excep\u021bia cazului \u00een care folosim furnizori cu politici conforme (ex. Google, Mailchimp, etc.) [&hellip;]","og_url":"https:\/\/k2kgame.com\/index.php\/politica-gdpr\/","og_site_name":"K2KGAME","article_modified_time":"2025-06-01T15:18:28+00:00","twitter_card":"summary_large_image","twitter_misc":{"Timp estimat pentru citire":"1 minut"},"schema":{"@context":"https:\/\/schema.org","@graph":[{"@type":"WebPage","@id":"https:\/\/k2kgame.com\/index.php\/politica-gdpr\/","url":"https:\/\/k2kgame.com\/index.php\/politica-gdpr\/","name":"POLITICA GDPR - K2KGAME","isPartOf":{"@id":"https:\/\/k2kgame.com\/#website"},"datePublished":"2025-06-01T15:18:25+00:00","dateModified":"2025-06-01T15:18:28+00:00","breadcrumb":{"@id":"https:\/\/k2kgame.com\/index.php\/politica-gdpr\/#breadcrumb"},"inLanguage":"ro-RO","potentialAction":[{"@type":"ReadAction","target":["https:\/\/k2kgame.com\/index.php\/politica-gdpr\/"]}]},{"@type":"BreadcrumbList","@id":"https:\/\/k2kgame.com\/index.php\/politica-gdpr\/#breadcrumb","itemListElement":[{"@type":"ListItem","position":1,"name":"Prima pagin\u0103","item":"https:\/\/k2kgame.com\/"},{"@type":"ListItem","position":2,"name":"POLITICA GDPR"}]},{"@type":"WebSite","@id":"https:\/\/k2kgame.com\/#website","url":"https:\/\/k2kgame.com\/","name":"K2KGAME","description":"SERVERE SI JOCURI IEFTINE","publisher":{"@id":"https:\/\/k2kgame.com\/#organization"},"potentialAction":[{"@type":"SearchAction","target":{"@type":"EntryPoint","urlTemplate":"https:\/\/k2kgame.com\/?s={search_term_string}"},"query-input":{"@type":"PropertyValueSpecification","valueRequired":true,"valueName":"search_term_string"}}],"inLanguage":"ro-RO"},{"@type":"Organization","@id":"https:\/\/k2kgame.com\/#organization","name":"K2KGAME","url":"https:\/\/k2kgame.com\/","logo":{"@type":"ImageObject","inLanguage":"ro-RO","@id":"https:\/\/k2kgame.com\/#\/schema\/logo\/image\/","url":"https:\/\/k2kgame.com\/wp-content\/uploads\/2025\/05\/FiveM-Symbol-scaled.png","contentUrl":"https:\/\/k2kgame.com\/wp-content\/uploads\/2025\/05\/FiveM-Symbol-scaled.png","width":2560,"height":1440,"caption":"K2KGAME"},"image":{"@id":"https:\/\/k2kgame.com\/#\/schema\/logo\/image\/"}}]}},"jetpack_sharing_enabled":true,"_links":{"self":[{"href":"https:\/\/k2kgame.com\/index.php\/wp-json\/wp\/v2\/pages\/214","targetHints":{"allow":["GET"]}}],"collection":[{"href":"https:\/\/k2kgame.com\/index.php\/wp-json\/wp\/v2\/pages"}],"about":[{"href":"https:\/\/k2kgame.com\/index.php\/wp-json\/wp\/v2\/types\/page"}],"author":[{"embeddable":true,"href":"https:\/\/k2kgame.com\/index.php\/wp-json\/wp\/v2\/users\/1"}],"replies":[{"embeddable":true,"href":"https:\/\/k2kgame.com\/index.php\/wp-json\/wp\/v2\/comments?post=214"}],"version-history":[{"count":1,"href":"https:\/\/k2kgame.com\/index.php\/wp-json\/wp\/v2\/pages\/214\/revisions"}],"predecessor-version":[{"id":216,"href":"https:\/\/k2kgame.com\/index.php\/wp-json\/wp\/v2\/pages\/214\/revisions\/216"}],"wp:attachment":[{"href":"https:\/\/k2kgame.com\/index.php\/wp-json\/wp\/v2\/media?parent=214"}],"curies":[{"name":"wp","href":"https:\/\/api.w.org\/{rel}","templated":true}]}}